{"id":1207,"date":"2026-03-16T14:24:51","date_gmt":"2026-03-16T14:24:51","guid":{"rendered":"https:\/\/nipapalma.com\/?page_id=1207"},"modified":"2026-03-16T23:57:16","modified_gmt":"2026-03-16T23:57:16","slug":"calculator","status":"publish","type":"page","link":"https:\/\/nipapalma.com\/en\/calculadora\/","title":{"rendered":"Nipa Palma Calculator | Nipa Roof Area and Nipa Panel Quantity Estimator"},"content":{"rendered":"<div data-elementor-type=\"wp-page\" data-elementor-id=\"1207\" class=\"elementor elementor-1207\" data-elementor-post-type=\"page\">\n\t\t\t\t\t\t<section class=\"elementor-section elementor-top-section elementor-element elementor-element-2340cadb elementor-section-full_width elementor-section-content-top elementor-reverse-tablet elementor-reverse-mobile elementor-section-height-default elementor-section-height-default\" data-id=\"2340cadb\" data-element_type=\"section\" data-settings=\"{&quot;background_background&quot;:&quot;classic&quot;}\">\n\t\t\t\t\t\t<div class=\"elementor-container elementor-column-gap-default\">\n\t\t\t\t\t<div class=\"elementor-column elementor-col-100 elementor-top-column elementor-element elementor-element-4213f3ef\" data-id=\"4213f3ef\" data-element_type=\"column\">\n\t\t\t<div class=\"elementor-widget-wrap elementor-element-populated\">\n\t\t\t\t\t\t<div class=\"elementor-element elementor-element-325de857 elementor-widget elementor-widget-heading\" data-id=\"325de857\" data-element_type=\"widget\" data-widget_type=\"heading.default\">\n\t\t\t\t\t<h1 class=\"elementor-heading-title elementor-size-default\"><b>Nipa Palma Calculator<\/b><\/h1>\t\t\t\t<\/div>\n\t\t\t\t<div class=\"elementor-element elementor-element-655351fd elementor-widget elementor-widget-text-editor\" data-id=\"655351fd\" data-element_type=\"widget\" data-widget_type=\"text-editor.default\">\n\t\t\t\t\t\t\t\t\t<p>Our Nipa Palma Calculator allows you to quickly and accurately estimate the roof area of your project and calculate how many nipa panels you need for installation. Whether for a resort, gazebo, villa, pavilion, beach bar or any tropical style roof, this tool gives you a practical basis for planning materials, optimizing costs and streamlining your nipa roofing project.<\/p>\t\t\t\t\t\t\t\t<\/div>\n\t\t\t\t\t<\/div>\n\t\t<\/div>\n\t\t\t\t\t<\/div>\n\t\t<\/section>\n\t\t<div class=\"elementor-element elementor-element-bc74f5d e-con-full e-flex e-con e-parent\" data-id=\"bc74f5d\" data-element_type=\"container\">\n\t\t\t\t<div class=\"elementor-element elementor-element-783bef3 elementor-widget elementor-widget-shortcode\" data-id=\"783bef3\" data-element_type=\"widget\" data-widget_type=\"shortcode.default\">\n\t\t\t\t\t\t\t<div class=\"elementor-shortcode\"><div class=\"nipa-calculator-app\"><div id=\"nipa-calculator-root\"><\/div><\/div><\/div>\n\t\t\t\t\t\t<\/div>\n\t\t\t\t<\/div>\n\t\t\t\t<section class=\"elementor-section elementor-top-section elementor-element elementor-element-645881fc elementor-section-height-min-height elementor-section-boxed elementor-section-height-default elementor-section-items-middle\" data-id=\"645881fc\" data-element_type=\"section\" data-settings=\"{&quot;background_background&quot;:&quot;classic&quot;}\">\n\t\t\t\t\t\t\t<div class=\"elementor-background-overlay\"><\/div>\n\t\t\t\t\t\t\t<div class=\"elementor-container elementor-column-gap-default\">\n\t\t\t\t\t<div class=\"elementor-column elementor-col-100 elementor-top-column elementor-element elementor-element-56600067\" data-id=\"56600067\" data-element_type=\"column\">\n\t\t\t<div class=\"elementor-widget-wrap elementor-element-populated\">\n\t\t\t\t\t\t<div class=\"elementor-element elementor-element-7465bc93 elementor-widget elementor-widget-heading\" data-id=\"7465bc93\" data-element_type=\"widget\" data-widget_type=\"heading.default\">\n\t\t\t\t\t<h1 class=\"elementor-heading-title elementor-size-default\">Nipa Palma for Tropical Roofs<\/h1>\t\t\t\t<\/div>\n\t\t\t\t<div class=\"elementor-element elementor-element-5acc5a1f elementor-widget elementor-widget-text-editor\" data-id=\"5acc5a1f\" data-element_type=\"widget\" data-widget_type=\"text-editor.default\">\n\t\t\t\t\t\t\t\t\t<p>Nipa Palma is an ideal tropical roofing solution for projects in Mexico, Costa Rica, Panama, Dominican Republic, Colombia, Peru and other Latin American countries, perfect for resorts, hotels, villas, palapas, gazebos, kiosks, beach bars, restaurants and terraces with natural style. Our nipa roof combines tropical beauty, authentic appearance and excellent coverage to create warm, elegant and durable spaces. In addition, we offer free consultation and personalized advice to help you calculate the right amount of nipa panels, plan your palm roof installation and ensure that your project is well executed from the start, achieving an attractive finish, proper installation and a reliable, worry-free roof for many years to come.<\/p>\t\t\t\t\t\t\t\t<\/div>\n\t\t\t\t\t<\/div>\n\t\t<\/div>\n\t\t\t\t\t<\/div>\n\t\t<\/section>\n\t\t\t\t<\/div>","protected":false},"excerpt":{"rendered":"<p>Calculadora de Nipa Palma Nuestra Calculadora de Nipa Palma le permite estimar de forma r\u00e1pida y precisa el \u00e1rea de techo de su proyecto y calcular cu\u00e1ntos paneles de nipa necesita para la instalaci\u00f3n. Ya sea para un resort, gazebo, villa, pabell\u00f3n, bar de playa o cualquier techo de estilo tropical, esta herramienta le ofrece [&hellip;]<\/p>\n","protected":false},"author":1,"featured_media":754,"parent":0,"menu_order":0,"comment_status":"closed","ping_status":"closed","template":"","meta":{"_monsterinsights_skip_tracking":false,"_monsterinsights_sitenote_active":false,"_monsterinsights_sitenote_note":"","_monsterinsights_sitenote_category":0,"footnotes":""},"class_list":["post-1207","page","type-page","status-publish","has-post-thumbnail","hentry"],"aioseo_notices":[],"aioseo_head":"\n\t\t<!-- All in One SEO Pro 4.9.5.2 - aioseo.com -->\n\t<meta name=\"description\" content=\"Calcula el \u00e1rea de techo y cu\u00e1ntos paneles de nipa necesita tu proyecto. R\u00e1pido, simple e ideal para techado tropical.\" \/>\n\t<meta name=\"robots\" content=\"max-image-preview:large\" \/>\n\t<link rel=\"canonical\" href=\"https:\/\/nipapalma.com\/en\/calculadora\/\" \/>\n\t<meta name=\"generator\" content=\"All in One SEO Pro (AIOSEO) 4.9.5.2\" \/>\n\t\t<meta property=\"og:locale\" content=\"en_US\" \/>\n\t\t<meta property=\"og:site_name\" content=\"NIPA PALMA SINTETICA - Palma sint\u00e9tica de alta calidad para resorts en M\u00e9xico y el Caribe. Resistente, ign\u00edfuga y de bajo mantenimiento. La mejor soluci\u00f3n para su proyecto.\" \/>\n\t\t<meta property=\"og:type\" content=\"article\" \/>\n\t\t<meta property=\"og:title\" content=\"Calculadora de Nipa Palma | \u00c1rea de Techo y Paneles\" \/>\n\t\t<meta property=\"og:description\" content=\"Calcula el \u00e1rea de techo y cu\u00e1ntos paneles de nipa necesita tu proyecto. R\u00e1pido, simple e ideal para techado tropical.\" \/>\n\t\t<meta property=\"og:url\" content=\"https:\/\/nipapalma.com\/en\/calculadora\/\" \/>\n\t\t<meta property=\"og:image\" content=\"https:\/\/nipapalma.com\/wp-content\/uploads\/2026\/01\/Nipa-Palma-brass-logo.png\" \/>\n\t\t<meta property=\"og:image:secure_url\" content=\"https:\/\/nipapalma.com\/wp-content\/uploads\/2026\/01\/Nipa-Palma-brass-logo.png\" \/>\n\t\t<meta property=\"article:published_time\" content=\"2026-03-16T14:24:51+00:00\" \/>\n\t\t<meta property=\"article:modified_time\" content=\"2026-03-16T23:57:16+00:00\" \/>\n\t\t<meta property=\"article:publisher\" content=\"https:\/\/www.facebook.com\/NipaMexico\/\" \/>\n\t\t<meta name=\"twitter:card\" content=\"summary_large_image\" \/>\n\t\t<meta name=\"twitter:title\" content=\"Calculadora de Nipa Palma | \u00c1rea de Techo y Paneles\" \/>\n\t\t<meta name=\"twitter:description\" content=\"Calcula el \u00e1rea de techo y cu\u00e1ntos paneles de nipa necesita tu proyecto. R\u00e1pido, simple e ideal para techado tropical.\" \/>\n\t\t<meta name=\"twitter:image\" content=\"https:\/\/nipapalma.com\/wp-content\/uploads\/2026\/01\/Nipa-Palma-brass-logo.png\" \/>\n\t\t<script type=\"application\/ld+json\" class=\"aioseo-schema\">\n\t\t\t{\"@context\":\"https:\\\/\\\/schema.org\",\"@graph\":[{\"@type\":\"BreadcrumbList\",\"@id\":\"https:\\\/\\\/nipapalma.com\\\/en\\\/calculadora\\\/#breadcrumblist\",\"itemListElement\":[{\"@type\":\"ListItem\",\"@id\":\"https:\\\/\\\/nipapalma.com\\\/en#listItem\",\"position\":1,\"name\":\"Home\",\"item\":\"https:\\\/\\\/nipapalma.com\\\/en\",\"nextItem\":{\"@type\":\"ListItem\",\"@id\":\"https:\\\/\\\/nipapalma.com\\\/en\\\/calculadora\\\/#listItem\",\"name\":\"Calculadora de Nipa Palma | Estimador de \\u00c1rea de Techo y Cantidad de Paneles de Nipa\"}},{\"@type\":\"ListItem\",\"@id\":\"https:\\\/\\\/nipapalma.com\\\/en\\\/calculadora\\\/#listItem\",\"position\":2,\"name\":\"Calculadora de Nipa Palma | Estimador de \\u00c1rea de Techo y Cantidad de Paneles de Nipa\",\"previousItem\":{\"@type\":\"ListItem\",\"@id\":\"https:\\\/\\\/nipapalma.com\\\/en#listItem\",\"name\":\"Home\"}}]},{\"@type\":\"Organization\",\"@id\":\"https:\\\/\\\/nipapalma.com\\\/en\\\/#organization\",\"name\":\"NIPA PALMA SINTETICA NIPA PALMA SINTETICA\",\"description\":\"Palma sint\\u00e9tica de alta calidad para resorts en M\\u00e9xico y el Caribe. Resistente, ign\\u00edfuga y de bajo mantenimiento. La mejor soluci\\u00f3n para su proyecto. Nipa Palma es el referente l\\u00edder en soluciones de techado de palma sint\\u00e9tica de lujo para el mercado de M\\u00e9xico, el Caribe y Latinoam\\u00e9rica. Dise\\u00f1ada para replicar la belleza org\\u00e1nica de la palma natural, nuestra tecnolog\\u00eda ofrece una resistencia superior contra los rayos UV, vientos huracanados y el fuego. Transformamos resorts, hoteles y villas en para\\u00edsos tropicales de bajo mantenimiento y m\\u00e1xima elegancia, combinando sostenibilidad con una est\\u00e9tica ex\\u00f3tica inigualable.\",\"url\":\"https:\\\/\\\/nipapalma.com\\\/en\\\/\",\"telephone\":\"+18632430114\",\"logo\":{\"@type\":\"ImageObject\",\"url\":\"https:\\\/\\\/nipapalma.com\\\/wp-content\\\/uploads\\\/2026\\\/01\\\/Nipa-Palma-brass-logo.png\",\"@id\":\"https:\\\/\\\/nipapalma.com\\\/en\\\/calculadora\\\/#organizationLogo\",\"width\":662,\"height\":308,\"caption\":\"Nipa Palma brass logo\"},\"image\":{\"@id\":\"https:\\\/\\\/nipapalma.com\\\/en\\\/calculadora\\\/#organizationLogo\"},\"sameAs\":[\"https:\\\/\\\/www.facebook.com\\\/NipaMexico\\\/\",\"https:\\\/\\\/www.instagram.com\\\/nipapalma\\\/\",\"https:\\\/\\\/www.youtube.com\\\/@NipaPalmaLATAM\"]},{\"@type\":\"WebPage\",\"@id\":\"https:\\\/\\\/nipapalma.com\\\/en\\\/calculadora\\\/#webpage\",\"url\":\"https:\\\/\\\/nipapalma.com\\\/en\\\/calculadora\\\/\",\"name\":\"Calculadora de Nipa Palma | \\u00c1rea de Techo y Paneles\",\"description\":\"Calcula el \\u00e1rea de techo y cu\\u00e1ntos paneles de nipa necesita tu proyecto. R\\u00e1pido, simple e ideal para techado tropical.\",\"inLanguage\":\"en-US\",\"isPartOf\":{\"@id\":\"https:\\\/\\\/nipapalma.com\\\/en\\\/#website\"},\"breadcrumb\":{\"@id\":\"https:\\\/\\\/nipapalma.com\\\/en\\\/calculadora\\\/#breadcrumblist\"},\"image\":{\"@type\":\"ImageObject\",\"url\":\"https:\\\/\\\/nipapalma.com\\\/wp-content\\\/uploads\\\/2026\\\/02\\\/Cubierta-de-palma-sintetica-ecologica-y-reciclable-para-Eco-Lodge-en-Guanacaste-y-Santa-Teresa-Costa-Rica.jpg\",\"@id\":\"https:\\\/\\\/nipapalma.com\\\/en\\\/calculadora\\\/#mainImage\",\"width\":1000,\"height\":667,\"caption\":\"Cubierta de palma sinte\\u0301tica ecolo\\u0301gica y reciclable para Eco-Lodge en Guanacaste y Santa Teresa, Costa Rica\"},\"primaryImageOfPage\":{\"@id\":\"https:\\\/\\\/nipapalma.com\\\/en\\\/calculadora\\\/#mainImage\"},\"datePublished\":\"2026-03-16T14:24:51+00:00\",\"dateModified\":\"2026-03-16T23:57:16+00:00\"},{\"@type\":\"WebSite\",\"@id\":\"https:\\\/\\\/nipapalma.com\\\/en\\\/#website\",\"url\":\"https:\\\/\\\/nipapalma.com\\\/en\\\/\",\"name\":\"NIPA PALMA SINTETICA\",\"description\":\"Palma sint\\u00e9tica de alta calidad para resorts en M\\u00e9xico y el Caribe. Resistente, ign\\u00edfuga y de bajo mantenimiento. La mejor soluci\\u00f3n para su proyecto.\",\"inLanguage\":\"en-US\",\"publisher\":{\"@id\":\"https:\\\/\\\/nipapalma.com\\\/en\\\/#organization\"}}]}\n\t\t<\/script>\n\t\t<!-- All in One SEO Pro -->\r\n\t\t<title>Calculadora de Nipa Palma | \u00c1rea de Techo y Paneles<\/title>\n\n","aioseo_head_json":{"title":"Nipa Palma Calculator | Roof Area and Panels","description":"Calculate the roof area and how many nipa panels your project needs. Fast, simple and ideal for tropical roofing.","canonical_url":"https:\/\/nipapalma.com\/en\/calculadora\/","robots":"max-image-preview:large","keywords":"","webmasterTools":{"miscellaneous":""},"schema":{"@context":"https:\/\/schema.org","@graph":[{"@type":"BreadcrumbList","@id":"https:\/\/nipapalma.com\/en\/calculadora\/#breadcrumblist","itemListElement":[{"@type":"ListItem","@id":"https:\/\/nipapalma.com\/en#listItem","position":1,"name":"Home","item":"https:\/\/nipapalma.com\/en","nextItem":{"@type":"ListItem","@id":"https:\/\/nipapalma.com\/en\/calculadora\/#listItem","name":"Calculadora de Nipa Palma | Estimador de \u00c1rea de Techo y Cantidad de Paneles de Nipa"}},{"@type":"ListItem","@id":"https:\/\/nipapalma.com\/en\/calculadora\/#listItem","position":2,"name":"Calculadora de Nipa Palma | Estimador de \u00c1rea de Techo y Cantidad de Paneles de Nipa","previousItem":{"@type":"ListItem","@id":"https:\/\/nipapalma.com\/en#listItem","name":"Home"}}]},{"@type":"Organization","@id":"https:\/\/nipapalma.com\/en\/#organization","name":"NIPA PALMA SINTETICA NIPA PALMA SINTETICA","description":"Palma sint\u00e9tica de alta calidad para resorts en M\u00e9xico y el Caribe. Resistente, ign\u00edfuga y de bajo mantenimiento. La mejor soluci\u00f3n para su proyecto. Nipa Palma es el referente l\u00edder en soluciones de techado de palma sint\u00e9tica de lujo para el mercado de M\u00e9xico, el Caribe y Latinoam\u00e9rica. Dise\u00f1ada para replicar la belleza org\u00e1nica de la palma natural, nuestra tecnolog\u00eda ofrece una resistencia superior contra los rayos UV, vientos huracanados y el fuego. Transformamos resorts, hoteles y villas en para\u00edsos tropicales de bajo mantenimiento y m\u00e1xima elegancia, combinando sostenibilidad con una est\u00e9tica ex\u00f3tica inigualable.","url":"https:\/\/nipapalma.com\/en\/","telephone":"+18632430114","logo":{"@type":"ImageObject","url":"https:\/\/nipapalma.com\/wp-content\/uploads\/2026\/01\/Nipa-Palma-brass-logo.png","@id":"https:\/\/nipapalma.com\/en\/calculadora\/#organizationLogo","width":662,"height":308,"caption":"Nipa Palma brass logo"},"image":{"@id":"https:\/\/nipapalma.com\/en\/calculadora\/#organizationLogo"},"sameAs":["https:\/\/www.facebook.com\/NipaMexico\/","https:\/\/www.instagram.com\/nipapalma\/","https:\/\/www.youtube.com\/@NipaPalmaLATAM"]},{"@type":"WebPage","@id":"https:\/\/nipapalma.com\/en\/calculadora\/#webpage","url":"https:\/\/nipapalma.com\/en\/calculadora\/","name":"Calculadora de Nipa Palma | \u00c1rea de Techo y Paneles","description":"Calcula el \u00e1rea de techo y cu\u00e1ntos paneles de nipa necesita tu proyecto. R\u00e1pido, simple e ideal para techado tropical.","inLanguage":"en-US","isPartOf":{"@id":"https:\/\/nipapalma.com\/en\/#website"},"breadcrumb":{"@id":"https:\/\/nipapalma.com\/en\/calculadora\/#breadcrumblist"},"image":{"@type":"ImageObject","url":"https:\/\/nipapalma.com\/wp-content\/uploads\/2026\/02\/Cubierta-de-palma-sintetica-ecologica-y-reciclable-para-Eco-Lodge-en-Guanacaste-y-Santa-Teresa-Costa-Rica.jpg","@id":"https:\/\/nipapalma.com\/en\/calculadora\/#mainImage","width":1000,"height":667,"caption":"Cubierta de palma sinte\u0301tica ecolo\u0301gica y reciclable para Eco-Lodge en Guanacaste y Santa Teresa, Costa Rica"},"primaryImageOfPage":{"@id":"https:\/\/nipapalma.com\/en\/calculadora\/#mainImage"},"datePublished":"2026-03-16T14:24:51+00:00","dateModified":"2026-03-16T23:57:16+00:00"},{"@type":"WebSite","@id":"https:\/\/nipapalma.com\/en\/#website","url":"https:\/\/nipapalma.com\/en\/","name":"NIPA PALMA SINTETICA","description":"Palma sint\u00e9tica de alta calidad para resorts en M\u00e9xico y el Caribe. Resistente, ign\u00edfuga y de bajo mantenimiento. La mejor soluci\u00f3n para su proyecto.","inLanguage":"en-US","publisher":{"@id":"https:\/\/nipapalma.com\/en\/#organization"}}]},"og:locale":"en_US","og:site_name":"NIPA PALMA SINTETICA - Palma sint\u00e9tica de alta calidad para resorts en M\u00e9xico y el Caribe. Resistente, ign\u00edfuga y de bajo mantenimiento. La mejor soluci\u00f3n para su proyecto.","og:type":"article","og:title":"Calculadora de Nipa Palma | \u00c1rea de Techo y Paneles","og:description":"Calcula el \u00e1rea de techo y cu\u00e1ntos paneles de nipa necesita tu proyecto. R\u00e1pido, simple e ideal para techado tropical.","og:url":"https:\/\/nipapalma.com\/en\/calculadora\/","og:image":"https:\/\/nipapalma.com\/wp-content\/uploads\/2026\/01\/Nipa-Palma-brass-logo.png","og:image:secure_url":"https:\/\/nipapalma.com\/wp-content\/uploads\/2026\/01\/Nipa-Palma-brass-logo.png","article:published_time":"2026-03-16T14:24:51+00:00","article:modified_time":"2026-03-16T23:57:16+00:00","article:publisher":"https:\/\/www.facebook.com\/NipaMexico\/","twitter:card":"summary_large_image","twitter:title":"Calculadora de Nipa Palma | \u00c1rea de Techo y Paneles","twitter:description":"Calcula el \u00e1rea de techo y cu\u00e1ntos paneles de nipa necesita tu proyecto. R\u00e1pido, simple e ideal para techado tropical.","twitter:image":"https:\/\/nipapalma.com\/wp-content\/uploads\/2026\/01\/Nipa-Palma-brass-logo.png"},"aioseo_meta_data":{"post_id":"1207","title":"Nipa Palma Calculator | Roof Area and Panels","description":"Calculate the roof area and how many nipa panels your project needs. Fast, simple and ideal for tropical roofing.","keywords":null,"keyphrases":{"focus":{"keyphrase":"","score":0,"analysis":{"keyphraseInTitle":{"score":0,"maxScore":9,"error":1}}},"additional":[]},"primary_term":null,"canonical_url":null,"og_title":null,"og_description":null,"og_object_type":"default","og_image_type":"default","og_image_url":null,"og_image_width":null,"og_image_height":null,"og_image_custom_url":null,"og_image_custom_fields":null,"og_video":"","og_custom_url":null,"og_article_section":null,"og_article_tags":null,"twitter_use_og":false,"twitter_card":"default","twitter_image_type":"default","twitter_image_url":null,"twitter_image_custom_url":null,"twitter_image_custom_fields":null,"twitter_title":null,"twitter_description":null,"schema":{"blockGraphs":[],"customGraphs":[],"default":{"data":{"Article":[],"Course":[],"Dataset":[],"FAQPage":[],"Movie":[],"Person":[],"Product":[],"ProductReview":[],"Car":[],"Recipe":[],"Service":[],"SoftwareApplication":[],"WebPage":[]},"graphName":"WebPage","isEnabled":true},"graphs":[]},"schema_type":"default","schema_type_options":null,"pillar_content":false,"robots_default":true,"robots_noindex":false,"robots_noarchive":false,"robots_nosnippet":false,"robots_nofollow":false,"robots_noimageindex":false,"robots_noodp":false,"robots_notranslate":false,"robots_max_snippet":"-1","robots_max_videopreview":"-1","robots_max_imagepreview":"large","priority":null,"frequency":"default","local_seo":null,"seo_analyzer_scan_date":"2026-03-17 03:13:48","breadcrumb_settings":null,"limit_modified_date":false,"reviewed_by":"0","open_ai":null,"ai":{"faqs":[],"keyPoints":[],"titles":[],"descriptions":[],"socialPosts":{"email":[],"linkedin":[],"twitter":[],"facebook":[],"instagram":[]}},"created":"2026-03-16 14:22:47","updated":"2026-03-17 03:15:00"},"aioseo_breadcrumb":"<div class=\"aioseo-breadcrumbs\"><span class=\"aioseo-breadcrumb\">\n\t<a href=\"https:\/\/nipapalma.com\/en\" title=\"Home\">Home<\/a>\n<\/span><span class=\"aioseo-breadcrumb-separator\">&raquo;<\/span><span class=\"aioseo-breadcrumb\">\n\tCalculadora de Nipa Palma | Estimador de \u00c1rea de Techo y Cantidad de Paneles de Nipa\n<\/span><\/div>","aioseo_breadcrumb_json":[{"label":"Home","link":"https:\/\/nipapalma.com\/en"},{"label":"Calculadora de Nipa Palma | Estimador de \u00c1rea de Techo y Cantidad de Paneles de Nipa","link":"https:\/\/nipapalma.com\/en\/calculadora\/"}],"_links":{"self":[{"href":"https:\/\/nipapalma.com\/en\/wp-json\/wp\/v2\/pages\/1207","targetHints":{"allow":["GET"]}}],"collection":[{"href":"https:\/\/nipapalma.com\/en\/wp-json\/wp\/v2\/pages"}],"about":[{"href":"https:\/\/nipapalma.com\/en\/wp-json\/wp\/v2\/types\/page"}],"author":[{"embeddable":true,"href":"https:\/\/nipapalma.com\/en\/wp-json\/wp\/v2\/users\/1"}],"replies":[{"embeddable":true,"href":"https:\/\/nipapalma.com\/en\/wp-json\/wp\/v2\/comments?post=1207"}],"version-history":[{"count":37,"href":"https:\/\/nipapalma.com\/en\/wp-json\/wp\/v2\/pages\/1207\/revisions"}],"predecessor-version":[{"id":1252,"href":"https:\/\/nipapalma.com\/en\/wp-json\/wp\/v2\/pages\/1207\/revisions\/1252"}],"wp:featuredmedia":[{"embeddable":true,"href":"https:\/\/nipapalma.com\/en\/wp-json\/wp\/v2\/media\/754"}],"wp:attachment":[{"href":"https:\/\/nipapalma.com\/en\/wp-json\/wp\/v2\/media?parent=1207"}],"curies":[{"name":"wp","href":"https:\/\/api.w.org\/{rel}","templated":true}]}}