{"id":3,"date":"2026-01-29T07:36:00","date_gmt":"2026-01-29T07:36:00","guid":{"rendered":"https:\/\/nipapalma.com\/?page_id=3"},"modified":"2026-02-25T06:58:46","modified_gmt":"2026-02-25T06:58:46","slug":"privacy-policy","status":"publish","type":"page","link":"https:\/\/nipapalma.com\/en\/privacy-policy\/","title":{"rendered":"Privacy Policy"},"content":{"rendered":"<div data-elementor-type=\"wp-page\" data-elementor-id=\"3\" class=\"elementor elementor-3\" data-elementor-post-type=\"page\">\n\t\t\t\t\t\t<section class=\"elementor-section elementor-top-section elementor-element elementor-element-13a755e6 elementor-section-full_width elementor-section-content-top elementor-reverse-tablet elementor-reverse-mobile elementor-section-height-default elementor-section-height-default\" data-id=\"13a755e6\" data-element_type=\"section\" data-settings=\"{&quot;background_background&quot;:&quot;classic&quot;}\">\n\t\t\t\t\t\t<div class=\"elementor-container elementor-column-gap-default\">\n\t\t\t\t\t<div class=\"elementor-column elementor-col-100 elementor-top-column elementor-element elementor-element-8e2f443\" data-id=\"8e2f443\" data-element_type=\"column\">\n\t\t\t<div class=\"elementor-widget-wrap elementor-element-populated\">\n\t\t\t\t\t\t<div class=\"elementor-element elementor-element-6e5d0576 elementor-widget elementor-widget-heading\" data-id=\"6e5d0576\" data-element_type=\"widget\" data-widget_type=\"heading.default\">\n\t\t\t\t\t<h1 class=\"elementor-heading-title elementor-size-default\"><b>Nipa Palma Privacy Policy<\/b><\/h1>\t\t\t\t<\/div>\n\t\t\t\t<div class=\"elementor-element elementor-element-18b67cb1 elementor-widget elementor-widget-text-editor\" data-id=\"18b67cb1\" data-element_type=\"widget\" data-widget_type=\"text-editor.default\">\n\t\t\t\t\t\t\t\t\t<p data-path-to-node=\"4\">At <b data-path-to-node=\"4\" data-index-in-node=\"3\">Nipa Palma<\/b> (accessible from <b data-path-to-node=\"4\" data-index-in-node=\"31\">nipapalma.com<\/b>), the privacy of our visitors and customers is a top priority. This Privacy Policy document describes the types of information we collect, how we collect it, and how we use it.<br \/><br \/><\/p>\n<h3 data-path-to-node=\"5\"><b data-path-to-node=\"5\" data-index-in-node=\"0\">Information We Collect<\/b><\/h3>\n<p>\u00a0<\/p>\n<p data-path-to-node=\"6\">We gather information to provide a better service to all our users, from the elaboration of technical quotations to the coordination of international logistics.<\/p>\n<ul data-path-to-node=\"7\">\n<li>\n<p data-path-to-node=\"7,0,0\"><b data-path-to-node=\"7,0,0\" data-index-in-node=\"0\">Contact Information<\/b>When you request a quote or communicate via WhatsApp, we may collect your name, email, phone number and project location.<\/p>\n<\/li>\n<li>\n<p data-path-to-node=\"7,1,0\"><b data-path-to-node=\"7,1,0\" data-index-in-node=\"0\">Project Details<\/b>To provide accurate technical evaluations (such as our \u201cMeasure and Explode\u201d service), we collect data on your architectural drawings and structural requirements.<\/p>\n<\/li>\n<li>\n<p data-path-to-node=\"7,2,0\"><b data-path-to-node=\"7,2,0\" data-index-in-node=\"0\">Technical Data<\/b>Like most Web sites, we collect log files including IP addresses, browser type and timestamps to improve site performance and security.<\/p>\n<\/li>\n<\/ul>\n<h3 data-path-to-node=\"8\">\u00a0<\/h3>\n<h3 data-path-to-node=\"8\">\u00a0<\/h3>\n<h3 data-path-to-node=\"8\"><b data-path-to-node=\"8\" data-index-in-node=\"0\"><br \/><br \/>2. How We Use Your Information<\/b><\/h3>\n<p data-path-to-node=\"9\">Your data helps us maintain our standard of \u201cbeauty without worry\u201d. We use the information to:<\/p>\n<ul data-path-to-node=\"10\">\n<li>\n<p data-path-to-node=\"10,0,0\">To provide, operate and maintain our website.<\/p>\n<\/li>\n<li>\n<p data-path-to-node=\"10,1,0\">Process and deliver technical quotations for our palm and synthetic bamboo products.<\/p>\n<\/li>\n<li>\n<p data-path-to-node=\"10,2,0\">Communicate with you for project support, on-site training and logistics.<\/p>\n<\/li>\n<li>\n<p data-path-to-node=\"10,3,0\">Send professional updates or marketing communications (only if you have given your consent).<\/p>\n<\/li>\n<li>\n<p data-path-to-node=\"10,4,0\">Detect and prevent possible fraud.<\/p>\n<\/li>\n<\/ul>\n<h3 data-path-to-node=\"11\">\u00a0<\/h3>\n<h3 data-path-to-node=\"11\">\u00a0<\/h3>\n<h3 data-path-to-node=\"11\"><b data-path-to-node=\"11\" data-index-in-node=\"0\">3. Data Exchange and Third Parties<\/b><\/h3>\n<p data-path-to-node=\"12\">We do not sell your personal information. We only share information with third parties when strictly necessary to fulfill our service:<\/p>\n<ul data-path-to-node=\"13\">\n<li>\n<p data-path-to-node=\"13,0,0\"><b data-path-to-node=\"13,0,0\" data-index-in-node=\"0\">Logistics Partners<\/b>To coordinate shipments to destinations such as Mexico, Dominican Republic, Panama, Costa Rica or the Maldives.<\/p>\n<\/li>\n<li>\n<p data-path-to-node=\"13,1,0\"><b data-path-to-node=\"13,1,0\" data-index-in-node=\"0\">Technical Tools<\/b>We use WordPress and Elementor, which can process data through secure plugins.<\/p>\n<\/li>\n<li>\n<p data-path-to-node=\"13,2,0\"><b data-path-to-node=\"13,2,0\" data-index-in-node=\"0\">Legal Compliance<\/b>We may share data to comply with applicable laws or respond to valid legal requests.<\/p>\n<\/li>\n<\/ul>\n<h3 data-path-to-node=\"14\">\u00a0<\/h3>\n<h3 data-path-to-node=\"14\">\u00a0<\/h3>\n<h3 data-path-to-node=\"14\"><b data-path-to-node=\"14\" data-index-in-node=\"0\">4. Cookies and Web Beacons<\/b><\/h3>\n<p data-path-to-node=\"15\"><b data-path-to-node=\"15\" data-index-in-node=\"0\">Nipa Palma<\/b> uses \u2018cookies\u2019 to store information, including visitors' preferences and the pages of the website that the visitor accessed. This information is used to optimize the user experience by personalizing the content of our website.<\/p>\n<h3 data-path-to-node=\"16\">\u00a0<\/h3>\n<h3 data-path-to-node=\"16\">\u00a0<\/h3>\n<h3 data-path-to-node=\"16\"><b data-path-to-node=\"16\" data-index-in-node=\"0\">5. Your Data Protection Rights<\/b><\/h3>\n<p data-path-to-node=\"17\">We want to make sure that you are aware of all your data protection rights. Every user has the right to the following:<\/p>\n<ul data-path-to-node=\"18\">\n<li>\n<p data-path-to-node=\"18,0,0\"><b data-path-to-node=\"18,0,0\" data-index-in-node=\"0\">Right of Access<\/b>You have the right to request copies of your personal data.<\/p>\n<\/li>\n<li>\n<p data-path-to-node=\"18,1,0\"><b data-path-to-node=\"18,1,0\" data-index-in-node=\"0\">Right of Rectification<\/b>You have the right to request that we correct any information that you believe to be inaccurate.<\/p>\n<\/li>\n<li>\n<p data-path-to-node=\"18,2,0\"><b data-path-to-node=\"18,2,0\" data-index-in-node=\"0\">Right of Suppression<\/b>You have the right to request that we delete your personal data, under certain conditions.<\/p>\n<\/li>\n<\/ul>\n<h3 data-path-to-node=\"19\">\u00a0<\/h3>\n<h3 data-path-to-node=\"19\">\u00a0<\/h3>\n<h3 data-path-to-node=\"19\"><b data-path-to-node=\"19\" data-index-in-node=\"0\">6. Contact<\/b><\/h3>\n<p data-path-to-node=\"20\">If you have additional questions or require more information about our Privacy Policy, please do not hesitate to contact us:<\/p>\n<ul data-path-to-node=\"21\">\n<li>\n<p data-path-to-node=\"21,0,0\"><b data-path-to-node=\"21,0,0\" data-index-in-node=\"0\">Email:<\/b> Sales@nipathatch.com<\/p>\n<\/li>\n<li>\n<p data-path-to-node=\"21,1,0\"><b data-path-to-node=\"21,1,0\" data-index-in-node=\"0\">WhatsApp:<\/b> +1 (863) 243-0114<\/p>\n<\/li>\n<li>\n<p data-path-to-node=\"21,2,0\"><b data-path-to-node=\"21,2,0\" data-index-in-node=\"0\">Web site:<\/b> <a class=\"ng-star-inserted\" href=\"https:\/\/nipapalma.com\/en\/contact-us\/\" target=\"_blank\" rel=\"noopener\" data-hveid=\"0\" data-ved=\"0CAAQ_4QMahgKEwipvpmQ2fOSAxUAAAAAHQAAAAAQkQM\">nipapalma.com\/contact-us\/<\/a><\/p>\n<\/li>\n<\/ul>\t\t\t\t\t\t\t\t<\/div>\n\t\t\t\t\t<\/div>\n\t\t<\/div>\n\t\t\t\t\t<\/div>\n\t\t<\/section>\n\t\t\t\t<\/div>","protected":false},"excerpt":{"rendered":"<p>Pol\u00edtica de Privacidad de Nipa Palma En Nipa Palma (accesible desde nipapalma.com), la privacidad de nuestros visitantes y clientes es una prioridad absoluta. Este documento de Pol\u00edtica de Privacidad describe los tipos de informaci\u00f3n que recopilamos, c\u00f3mo la registramos y el uso que le damos. 1. Informaci\u00f3n que Recopilamos \u00a0 Recopilamos informaci\u00f3n para brindar un [&hellip;]<\/p>\n","protected":false},"author":1,"featured_media":0,"parent":0,"menu_order":0,"comment_status":"closed","ping_status":"open","template":"","meta":{"_monsterinsights_skip_tracking":false,"_monsterinsights_sitenote_active":false,"_monsterinsights_sitenote_note":"","_monsterinsights_sitenote_category":0,"footnotes":""},"class_list":["post-3","page","type-page","status-publish","hentry"],"aioseo_notices":[],"aioseo_head":"\n\t\t<!-- All in One SEO Pro 4.9.6.2 - aioseo.com -->\n\t<meta name=\"description\" content=\"Conozca c\u00f3mo Nipa Palma protege sus datos personales. Informaci\u00f3n sobre el manejo de informaci\u00f3n para proyectos de palma sint\u00e9tica en M\u00e9xico y el Caribe.\" \/>\n\t<meta name=\"robots\" content=\"max-image-preview:large\" \/>\n\t<link rel=\"canonical\" href=\"https:\/\/nipapalma.com\/en\/privacy-policy\/\" \/>\n\t<meta name=\"generator\" content=\"All in One SEO Pro (AIOSEO) 4.9.6.2\" \/>\n\t\t<meta property=\"og:locale\" content=\"en_US\" \/>\n\t\t<meta property=\"og:site_name\" content=\"NIPA PALMA SINTETICA - Palma sint\u00e9tica de alta calidad para resorts en M\u00e9xico y el Caribe. Resistente, ign\u00edfuga y de bajo mantenimiento. La mejor soluci\u00f3n para su proyecto.\" \/>\n\t\t<meta property=\"og:type\" content=\"website\" \/>\n\t\t<meta property=\"og:title\" content=\"Pol\u00edtica de Privacidad | NIPA PALMA\" \/>\n\t\t<meta property=\"og:description\" content=\"Conozca c\u00f3mo Nipa Palma protege sus datos personales. Informaci\u00f3n sobre el manejo de informaci\u00f3n para proyectos de palma sint\u00e9tica en M\u00e9xico y el Caribe.\" \/>\n\t\t<meta property=\"og:url\" content=\"https:\/\/nipapalma.com\/en\/privacy-policy\/\" \/>\n\t\t<meta property=\"og:image\" content=\"https:\/\/nipapalma.com\/wp-content\/uploads\/2026\/01\/Nipa-Palma-brass-logo.png\" \/>\n\t\t<meta property=\"og:image:secure_url\" content=\"https:\/\/nipapalma.com\/wp-content\/uploads\/2026\/01\/Nipa-Palma-brass-logo.png\" \/>\n\t\t<meta name=\"twitter:card\" content=\"summary_large_image\" \/>\n\t\t<meta name=\"twitter:title\" content=\"Pol\u00edtica de Privacidad | NIPA PALMA\" \/>\n\t\t<meta name=\"twitter:description\" content=\"Conozca c\u00f3mo Nipa Palma protege sus datos personales. Informaci\u00f3n sobre el manejo de informaci\u00f3n para proyectos de palma sint\u00e9tica en M\u00e9xico y el Caribe.\" \/>\n\t\t<meta name=\"twitter:image\" content=\"https:\/\/nipapalma.com\/wp-content\/uploads\/2026\/01\/Nipa-Palma-brass-logo.png\" \/>\n\t\t<script type=\"application\/ld+json\" class=\"aioseo-schema\">\n\t\t\t{\"@context\":\"https:\\\/\\\/schema.org\",\"@graph\":[{\"@type\":\"BreadcrumbList\",\"@id\":\"https:\\\/\\\/nipapalma.com\\\/en\\\/privacy-policy\\\/#breadcrumblist\",\"itemListElement\":[{\"@type\":\"ListItem\",\"@id\":\"https:\\\/\\\/nipapalma.com\\\/en#listItem\",\"position\":1,\"name\":\"Home\",\"item\":\"https:\\\/\\\/nipapalma.com\\\/en\",\"nextItem\":{\"@type\":\"ListItem\",\"@id\":\"https:\\\/\\\/nipapalma.com\\\/en\\\/privacy-policy\\\/#listItem\",\"name\":\"Privacy Policy\"}},{\"@type\":\"ListItem\",\"@id\":\"https:\\\/\\\/nipapalma.com\\\/en\\\/privacy-policy\\\/#listItem\",\"position\":2,\"name\":\"Privacy Policy\",\"previousItem\":{\"@type\":\"ListItem\",\"@id\":\"https:\\\/\\\/nipapalma.com\\\/en#listItem\",\"name\":\"Home\"}}]},{\"@type\":\"Organization\",\"@id\":\"https:\\\/\\\/nipapalma.com\\\/en\\\/#organization\",\"name\":\"NIPA PALMA SINTETICA NIPA PALMA SINTETICA\",\"description\":\"Palma sint\\u00e9tica de alta calidad para resorts en M\\u00e9xico y el Caribe. Resistente, ign\\u00edfuga y de bajo mantenimiento. La mejor soluci\\u00f3n para su proyecto. Nipa Palma es el referente l\\u00edder en soluciones de techado de palma sint\\u00e9tica de lujo para el mercado de M\\u00e9xico, el Caribe y Latinoam\\u00e9rica. Dise\\u00f1ada para replicar la belleza org\\u00e1nica de la palma natural, nuestra tecnolog\\u00eda ofrece una resistencia superior contra los rayos UV, vientos huracanados y el fuego. Transformamos resorts, hoteles y villas en para\\u00edsos tropicales de bajo mantenimiento y m\\u00e1xima elegancia, combinando sostenibilidad con una est\\u00e9tica ex\\u00f3tica inigualable.\",\"url\":\"https:\\\/\\\/nipapalma.com\\\/en\\\/\",\"telephone\":\"+18632430114\",\"logo\":{\"@type\":\"ImageObject\",\"url\":\"https:\\\/\\\/nipapalma.com\\\/wp-content\\\/uploads\\\/2026\\\/01\\\/Nipa-Palma-brass-logo.png\",\"@id\":\"https:\\\/\\\/nipapalma.com\\\/en\\\/privacy-policy\\\/#organizationLogo\",\"width\":662,\"height\":308,\"caption\":\"Nipa Palma brass logo\"},\"image\":{\"@id\":\"https:\\\/\\\/nipapalma.com\\\/en\\\/privacy-policy\\\/#organizationLogo\"},\"sameAs\":[\"https:\\\/\\\/www.facebook.com\\\/NipaMexico\\\/\",\"https:\\\/\\\/www.instagram.com\\\/nipapalma\\\/\",\"https:\\\/\\\/www.youtube.com\\\/@NipaPalmaLATAM\"]},{\"@type\":\"WebPage\",\"@id\":\"https:\\\/\\\/nipapalma.com\\\/en\\\/privacy-policy\\\/#webpage\",\"url\":\"https:\\\/\\\/nipapalma.com\\\/en\\\/privacy-policy\\\/\",\"name\":\"Pol\\u00edtica de Privacidad | NIPA PALMA\",\"description\":\"Conozca c\\u00f3mo Nipa Palma protege sus datos personales. Informaci\\u00f3n sobre el manejo de informaci\\u00f3n para proyectos de palma sint\\u00e9tica en M\\u00e9xico y el Caribe.\",\"inLanguage\":\"en-US\",\"isPartOf\":{\"@id\":\"https:\\\/\\\/nipapalma.com\\\/en\\\/#website\"},\"breadcrumb\":{\"@id\":\"https:\\\/\\\/nipapalma.com\\\/en\\\/privacy-policy\\\/#breadcrumblist\"},\"datePublished\":\"2026-01-29T07:36:00+00:00\",\"dateModified\":\"2026-02-25T06:58:46+00:00\"},{\"@type\":\"WebSite\",\"@id\":\"https:\\\/\\\/nipapalma.com\\\/en\\\/#website\",\"url\":\"https:\\\/\\\/nipapalma.com\\\/en\\\/\",\"name\":\"NIPA PALMA SINTETICA\",\"description\":\"Palma sint\\u00e9tica de alta calidad para resorts en M\\u00e9xico y el Caribe. Resistente, ign\\u00edfuga y de bajo mantenimiento. La mejor soluci\\u00f3n para su proyecto.\",\"inLanguage\":\"en-US\",\"publisher\":{\"@id\":\"https:\\\/\\\/nipapalma.com\\\/en\\\/#organization\"}}]}\n\t\t<\/script>\n\t\t<!-- All in One SEO Pro -->\r\n\t\t<title>Pol\u00edtica de Privacidad | NIPA PALMA<\/title>\n\n","aioseo_head_json":{"title":"Privacy Policy | NIPA PALMA","description":"Learn how Nipa Palma protects your personal data. Information on information management for synthetic palm projects in Mexico and the Caribbean.","canonical_url":"https:\/\/nipapalma.com\/en\/privacy-policy\/","robots":"max-image-preview:large","keywords":"","webmasterTools":{"miscellaneous":""},"schema":{"@context":"https:\/\/schema.org","@graph":[{"@type":"BreadcrumbList","@id":"https:\/\/nipapalma.com\/en\/privacy-policy\/#breadcrumblist","itemListElement":[{"@type":"ListItem","@id":"https:\/\/nipapalma.com\/en#listItem","position":1,"name":"Home","item":"https:\/\/nipapalma.com\/en","nextItem":{"@type":"ListItem","@id":"https:\/\/nipapalma.com\/en\/privacy-policy\/#listItem","name":"Privacy Policy"}},{"@type":"ListItem","@id":"https:\/\/nipapalma.com\/en\/privacy-policy\/#listItem","position":2,"name":"Privacy Policy","previousItem":{"@type":"ListItem","@id":"https:\/\/nipapalma.com\/en#listItem","name":"Home"}}]},{"@type":"Organization","@id":"https:\/\/nipapalma.com\/en\/#organization","name":"NIPA PALMA SINTETICA NIPA PALMA SINTETICA","description":"Palma sint\u00e9tica de alta calidad para resorts en M\u00e9xico y el Caribe. Resistente, ign\u00edfuga y de bajo mantenimiento. La mejor soluci\u00f3n para su proyecto. Nipa Palma es el referente l\u00edder en soluciones de techado de palma sint\u00e9tica de lujo para el mercado de M\u00e9xico, el Caribe y Latinoam\u00e9rica. Dise\u00f1ada para replicar la belleza org\u00e1nica de la palma natural, nuestra tecnolog\u00eda ofrece una resistencia superior contra los rayos UV, vientos huracanados y el fuego. Transformamos resorts, hoteles y villas en para\u00edsos tropicales de bajo mantenimiento y m\u00e1xima elegancia, combinando sostenibilidad con una est\u00e9tica ex\u00f3tica inigualable.","url":"https:\/\/nipapalma.com\/en\/","telephone":"+18632430114","logo":{"@type":"ImageObject","url":"https:\/\/nipapalma.com\/wp-content\/uploads\/2026\/01\/Nipa-Palma-brass-logo.png","@id":"https:\/\/nipapalma.com\/en\/privacy-policy\/#organizationLogo","width":662,"height":308,"caption":"Nipa Palma brass logo"},"image":{"@id":"https:\/\/nipapalma.com\/en\/privacy-policy\/#organizationLogo"},"sameAs":["https:\/\/www.facebook.com\/NipaMexico\/","https:\/\/www.instagram.com\/nipapalma\/","https:\/\/www.youtube.com\/@NipaPalmaLATAM"]},{"@type":"WebPage","@id":"https:\/\/nipapalma.com\/en\/privacy-policy\/#webpage","url":"https:\/\/nipapalma.com\/en\/privacy-policy\/","name":"Pol\u00edtica de Privacidad | NIPA PALMA","description":"Conozca c\u00f3mo Nipa Palma protege sus datos personales. Informaci\u00f3n sobre el manejo de informaci\u00f3n para proyectos de palma sint\u00e9tica en M\u00e9xico y el Caribe.","inLanguage":"en-US","isPartOf":{"@id":"https:\/\/nipapalma.com\/en\/#website"},"breadcrumb":{"@id":"https:\/\/nipapalma.com\/en\/privacy-policy\/#breadcrumblist"},"datePublished":"2026-01-29T07:36:00+00:00","dateModified":"2026-02-25T06:58:46+00:00"},{"@type":"WebSite","@id":"https:\/\/nipapalma.com\/en\/#website","url":"https:\/\/nipapalma.com\/en\/","name":"NIPA PALMA SINTETICA","description":"Palma sint\u00e9tica de alta calidad para resorts en M\u00e9xico y el Caribe. Resistente, ign\u00edfuga y de bajo mantenimiento. La mejor soluci\u00f3n para su proyecto.","inLanguage":"en-US","publisher":{"@id":"https:\/\/nipapalma.com\/en\/#organization"}}]},"og:locale":"en_US","og:site_name":"NIPA PALMA SINTETICA - Palma sint\u00e9tica de alta calidad para resorts en M\u00e9xico y el Caribe. Resistente, ign\u00edfuga y de bajo mantenimiento. La mejor soluci\u00f3n para su proyecto.","og:type":"website","og:title":"Pol\u00edtica de Privacidad | NIPA PALMA","og:description":"Conozca c\u00f3mo Nipa Palma protege sus datos personales. Informaci\u00f3n sobre el manejo de informaci\u00f3n para proyectos de palma sint\u00e9tica en M\u00e9xico y el Caribe.","og:url":"https:\/\/nipapalma.com\/en\/privacy-policy\/","og:image":"https:\/\/nipapalma.com\/wp-content\/uploads\/2026\/01\/Nipa-Palma-brass-logo.png","og:image:secure_url":"https:\/\/nipapalma.com\/wp-content\/uploads\/2026\/01\/Nipa-Palma-brass-logo.png","twitter:card":"summary_large_image","twitter:title":"Pol\u00edtica de Privacidad | NIPA PALMA","twitter:description":"Conozca c\u00f3mo Nipa Palma protege sus datos personales. Informaci\u00f3n sobre el manejo de informaci\u00f3n para proyectos de palma sint\u00e9tica en M\u00e9xico y el Caribe.","twitter:image":"https:\/\/nipapalma.com\/wp-content\/uploads\/2026\/01\/Nipa-Palma-brass-logo.png"},"aioseo_meta_data":{"post_id":"3","title":"Privacy Policy | NIPA PALMA","description":"Learn how Nipa Palma protects your personal data. Information on information management for synthetic palm projects in Mexico and the Caribbean.","keywords":null,"keyphrases":{"focus":{"keyphrase":"","score":0,"analysis":{"keyphraseInTitle":{"score":0,"maxScore":9,"error":1}}},"additional":[]},"primary_term":null,"canonical_url":null,"og_title":null,"og_description":null,"og_object_type":"website","og_image_type":"default","og_image_url":null,"og_image_width":null,"og_image_height":null,"og_image_custom_url":null,"og_image_custom_fields":null,"og_video":"","og_custom_url":null,"og_article_section":null,"og_article_tags":null,"twitter_use_og":false,"twitter_card":"default","twitter_image_type":"default","twitter_image_url":null,"twitter_image_custom_url":null,"twitter_image_custom_fields":null,"twitter_title":null,"twitter_description":null,"schema":{"blockGraphs":[],"customGraphs":[],"default":{"data":{"Article":[],"Course":[],"Dataset":[],"FAQPage":[],"Movie":[],"Person":[],"Product":[],"ProductReview":[],"Car":[],"Recipe":[],"Service":[],"SoftwareApplication":[],"WebPage":[]},"graphName":"WebPage","isEnabled":true},"graphs":[]},"schema_type":"default","schema_type_options":null,"pillar_content":false,"robots_default":true,"robots_noindex":false,"robots_noarchive":false,"robots_nosnippet":false,"robots_nofollow":false,"robots_noimageindex":false,"robots_noodp":false,"robots_notranslate":false,"robots_max_snippet":"-1","robots_max_videopreview":"-1","robots_max_imagepreview":"large","priority":null,"frequency":"default","local_seo":null,"seo_analyzer_scan_date":"2026-02-25 07:35:27","breadcrumb_settings":null,"limit_modified_date":false,"reviewed_by":null,"open_ai":null,"ai":{"faqs":[],"keyPoints":[],"titles":[],"descriptions":[],"socialPosts":{"email":[],"linkedin":[],"twitter":[],"facebook":[],"instagram":[]}},"created":"2026-02-25 02:53:26","updated":"2026-02-25 07:50:29"},"aioseo_breadcrumb":"<div class=\"aioseo-breadcrumbs\"><span class=\"aioseo-breadcrumb\">\n\t<a href=\"https:\/\/nipapalma.com\/en\" title=\"Home\">Home<\/a>\n<\/span><span class=\"aioseo-breadcrumb-separator\">&raquo;<\/span><span class=\"aioseo-breadcrumb\">\n\tPrivacy Policy\n<\/span><\/div>","aioseo_breadcrumb_json":[{"label":"Home","link":"https:\/\/nipapalma.com\/en"},{"label":"Privacy Policy","link":"https:\/\/nipapalma.com\/en\/privacy-policy\/"}],"_links":{"self":[{"href":"https:\/\/nipapalma.com\/en\/wp-json\/wp\/v2\/pages\/3","targetHints":{"allow":["GET"]}}],"collection":[{"href":"https:\/\/nipapalma.com\/en\/wp-json\/wp\/v2\/pages"}],"about":[{"href":"https:\/\/nipapalma.com\/en\/wp-json\/wp\/v2\/types\/page"}],"author":[{"embeddable":true,"href":"https:\/\/nipapalma.com\/en\/wp-json\/wp\/v2\/users\/1"}],"replies":[{"embeddable":true,"href":"https:\/\/nipapalma.com\/en\/wp-json\/wp\/v2\/comments?post=3"}],"version-history":[{"count":6,"href":"https:\/\/nipapalma.com\/en\/wp-json\/wp\/v2\/pages\/3\/revisions"}],"predecessor-version":[{"id":1078,"href":"https:\/\/nipapalma.com\/en\/wp-json\/wp\/v2\/pages\/3\/revisions\/1078"}],"wp:attachment":[{"href":"https:\/\/nipapalma.com\/en\/wp-json\/wp\/v2\/media?parent=3"}],"curies":[{"name":"wp","href":"https:\/\/api.w.org\/{rel}","templated":true}]}}