{"id":3,"date":"2026-01-29T07:36:00","date_gmt":"2026-01-29T07:36:00","guid":{"rendered":"https:\/\/nipapalma.com\/?page_id=3"},"modified":"2026-02-25T06:58:46","modified_gmt":"2026-02-25T06:58:46","slug":"politique-de-confidentialite","status":"publish","type":"page","link":"https:\/\/nipapalma.com\/fr\/privacy-policy\/","title":{"rendered":"Politique de confidentialit\u00e9"},"content":{"rendered":"<div data-elementor-type=\"wp-page\" data-elementor-id=\"3\" class=\"elementor elementor-3\" data-elementor-post-type=\"page\">\n\t\t\t\t\t\t<section class=\"elementor-section elementor-top-section elementor-element elementor-element-13a755e6 elementor-section-full_width elementor-section-content-top elementor-reverse-tablet elementor-reverse-mobile elementor-section-height-default elementor-section-height-default\" data-id=\"13a755e6\" data-element_type=\"section\" data-settings=\"{&quot;background_background&quot;:&quot;classic&quot;}\">\n\t\t\t\t\t\t<div class=\"elementor-container elementor-column-gap-default\">\n\t\t\t\t\t<div class=\"elementor-column elementor-col-100 elementor-top-column elementor-element elementor-element-8e2f443\" data-id=\"8e2f443\" data-element_type=\"column\">\n\t\t\t<div class=\"elementor-widget-wrap elementor-element-populated\">\n\t\t\t\t\t\t<div class=\"elementor-element elementor-element-6e5d0576 elementor-widget elementor-widget-heading\" data-id=\"6e5d0576\" data-element_type=\"widget\" data-widget_type=\"heading.default\">\n\t\t\t\t\t<h1 class=\"elementor-heading-title elementor-size-default\"><b>Politique de confidentialit\u00e9 de Nipa Palma<\/b><\/h1>\t\t\t\t<\/div>\n\t\t\t\t<div class=\"elementor-element elementor-element-18b67cb1 elementor-widget elementor-widget-text-editor\" data-id=\"18b67cb1\" data-element_type=\"widget\" data-widget_type=\"text-editor.default\">\n\t\t\t\t\t\t\t\t\t<p data-path-to-node=\"4\">Au <b data-path-to-node=\"4\" data-index-in-node=\"3\">Nipa Palma<\/b> (accessible \u00e0 partir de <b data-path-to-node=\"4\" data-index-in-node=\"31\">nipapalma.com<\/b>), la protection de la vie priv\u00e9e de nos visiteurs et de nos clients est une priorit\u00e9 absolue. La pr\u00e9sente politique de confidentialit\u00e9 d\u00e9crit les types d'informations que nous recueillons, la mani\u00e8re dont nous les recueillons et la mani\u00e8re dont nous les utilisons.<br \/><br \/><\/p>\n<h3 data-path-to-node=\"5\"><b data-path-to-node=\"5\" data-index-in-node=\"0\">1. les informations que nous recueillons<\/b><\/h3>\n<p>\u00a0<\/p>\n<p data-path-to-node=\"6\">Nous recueillons des informations afin de fournir un meilleur service \u00e0 tous nos utilisateurs, de la pr\u00e9paration des devis techniques \u00e0 la coordination de la logistique internationale.<\/p>\n<ul data-path-to-node=\"7\">\n<li>\n<p data-path-to-node=\"7,0,0\"><b data-path-to-node=\"7,0,0\" data-index-in-node=\"0\">Informations sur le contact<\/b>Lorsque vous demandez un devis ou communiquez par WhatsApp, nous pouvons recueillir votre nom, votre adresse \u00e9lectronique, votre num\u00e9ro de t\u00e9l\u00e9phone et l'emplacement du projet.<\/p>\n<\/li>\n<li>\n<p data-path-to-node=\"7,1,0\"><b data-path-to-node=\"7,1,0\" data-index-in-node=\"0\">D\u00e9tails du projet<\/b>Pour fournir des \u00e9valuations techniques pr\u00e9cises (comme notre service \u201cMesurer et exploser\u201d), nous recueillons des donn\u00e9es sur vos dessins architecturaux et vos exigences structurelles.<\/p>\n<\/li>\n<li>\n<p data-path-to-node=\"7,2,0\"><b data-path-to-node=\"7,2,0\" data-index-in-node=\"0\">Donn\u00e9es techniques<\/b>Comme la plupart des sites web, nous collectons des fichiers journaux comprenant les adresses IP, le type de navigateur et les horodatages afin d'am\u00e9liorer les performances et la s\u00e9curit\u00e9 du site.<\/p>\n<\/li>\n<\/ul>\n<h3 data-path-to-node=\"8\">\u00a0<\/h3>\n<h3 data-path-to-node=\"8\">\u00a0<\/h3>\n<h3 data-path-to-node=\"8\"><b data-path-to-node=\"8\" data-index-in-node=\"0\"><br \/><br \/>2. Comment nous utilisons vos informations<\/b><\/h3>\n<p data-path-to-node=\"9\">Vos donn\u00e9es nous aident \u00e0 maintenir notre standard de \u201cbeaut\u00e9 sans souci\u201d. Nous utilisons les informations pour :<\/p>\n<ul data-path-to-node=\"10\">\n<li>\n<p data-path-to-node=\"10,0,0\">Fournir, exploiter et maintenir notre site web.<\/p>\n<\/li>\n<li>\n<p data-path-to-node=\"10,1,0\">Traiter et fournir des devis techniques pour nos produits en palmier et en bambou synth\u00e9tique.<\/p>\n<\/li>\n<li>\n<p data-path-to-node=\"10,2,0\">Communiquer avec vous pour le soutien du projet, la formation sur place et la logistique.<\/p>\n<\/li>\n<li>\n<p data-path-to-node=\"10,3,0\">Envoyer des mises \u00e0 jour professionnelles ou des communications marketing (uniquement si vous avez donn\u00e9 votre accord).<\/p>\n<\/li>\n<li>\n<p data-path-to-node=\"10,4,0\">D\u00e9tecter et pr\u00e9venir les fraudes \u00e9ventuelles.<\/p>\n<\/li>\n<\/ul>\n<h3 data-path-to-node=\"11\">\u00a0<\/h3>\n<h3 data-path-to-node=\"11\">\u00a0<\/h3>\n<h3 data-path-to-node=\"11\"><b data-path-to-node=\"11\" data-index-in-node=\"0\">3. \u00c9change de donn\u00e9es et tiers<\/b><\/h3>\n<p data-path-to-node=\"12\">Nous ne vendons pas vos donn\u00e9es personnelles. Nous ne partageons des informations avec des tiers que lorsque cela est strictement n\u00e9cessaire \u00e0 l'ex\u00e9cution de notre service :<\/p>\n<ul data-path-to-node=\"13\">\n<li>\n<p data-path-to-node=\"13,0,0\"><b data-path-to-node=\"13,0,0\" data-index-in-node=\"0\">Partenaires logistiques<\/b>Les services de la Commission europ\u00e9enne sont charg\u00e9s de coordonner les exp\u00e9ditions vers des destinations telles que le Mexique, la R\u00e9publique dominicaine, le Panama, le Costa Rica ou les Maldives.<\/p>\n<\/li>\n<li>\n<p data-path-to-node=\"13,1,0\"><b data-path-to-node=\"13,1,0\" data-index-in-node=\"0\">Outils techniques<\/b>Nous utilisons WordPress et Elementor, qui peuvent traiter les donn\u00e9es \u00e0 l'aide de plugins s\u00e9curis\u00e9s.<\/p>\n<\/li>\n<li>\n<p data-path-to-node=\"13,2,0\"><b data-path-to-node=\"13,2,0\" data-index-in-node=\"0\">Conformit\u00e9 juridique<\/b>Nous pouvons partager des donn\u00e9es pour nous conformer aux lois applicables ou r\u00e9pondre \u00e0 des demandes l\u00e9gales valables.<\/p>\n<\/li>\n<\/ul>\n<h3 data-path-to-node=\"14\">\u00a0<\/h3>\n<h3 data-path-to-node=\"14\">\u00a0<\/h3>\n<h3 data-path-to-node=\"14\"><b data-path-to-node=\"14\" data-index-in-node=\"0\">4. Cookies et balises web<\/b><\/h3>\n<p data-path-to-node=\"15\"><b data-path-to-node=\"15\" data-index-in-node=\"0\">Nipa Palma<\/b> utilise des \u2018cookies\u2019 pour stocker des informations, y compris les pr\u00e9f\u00e9rences des visiteurs et les pages du site Web auxquelles le visiteur a acc\u00e9d\u00e9. Ces informations sont utilis\u00e9es pour optimiser l'exp\u00e9rience de l'utilisateur en personnalisant le contenu de notre site web.<\/p>\n<h3 data-path-to-node=\"16\">\u00a0<\/h3>\n<h3 data-path-to-node=\"16\">\u00a0<\/h3>\n<h3 data-path-to-node=\"16\"><b data-path-to-node=\"16\" data-index-in-node=\"0\">5. Vos droits en mati\u00e8re de protection des donn\u00e9es<\/b><\/h3>\n<p data-path-to-node=\"17\">Nous voulons nous assurer que vous connaissez tous vos droits en mati\u00e8re de protection des donn\u00e9es. Chaque utilisateur a droit \u00e0 ce qui suit :<\/p>\n<ul data-path-to-node=\"18\">\n<li>\n<p data-path-to-node=\"18,0,0\"><b data-path-to-node=\"18,0,0\" data-index-in-node=\"0\">Droit d'acc\u00e8s<\/b>Vous avez le droit de demander des copies de vos donn\u00e9es personnelles.<\/p>\n<\/li>\n<li>\n<p data-path-to-node=\"18,1,0\"><b data-path-to-node=\"18,1,0\" data-index-in-node=\"0\">Droit de rectification<\/b>Vous avez le droit de nous demander de corriger toute information que vous estimez inexacte.<\/p>\n<\/li>\n<li>\n<p data-path-to-node=\"18,2,0\"><b data-path-to-node=\"18,2,0\" data-index-in-node=\"0\">Droit de suppression<\/b>Vous avez le droit de nous demander de supprimer vos donn\u00e9es personnelles, sous certaines conditions.<\/p>\n<\/li>\n<\/ul>\n<h3 data-path-to-node=\"19\">\u00a0<\/h3>\n<h3 data-path-to-node=\"19\">\u00a0<\/h3>\n<h3 data-path-to-node=\"19\"><b data-path-to-node=\"19\" data-index-in-node=\"0\">6. Contact<\/b><\/h3>\n<p data-path-to-node=\"20\">Si vous avez des questions suppl\u00e9mentaires ou si vous souhaitez obtenir plus d'informations sur notre politique de protection de la vie priv\u00e9e, n'h\u00e9sitez pas \u00e0 nous contacter :<\/p>\n<ul data-path-to-node=\"21\">\n<li>\n<p data-path-to-node=\"21,0,0\"><b data-path-to-node=\"21,0,0\" data-index-in-node=\"0\">Courriel :<\/b> Sales@nipathatch.com<\/p>\n<\/li>\n<li>\n<p data-path-to-node=\"21,1,0\"><b data-path-to-node=\"21,1,0\" data-index-in-node=\"0\">WhatsApp :<\/b> +1 (863) 243-0114<\/p>\n<\/li>\n<li>\n<p data-path-to-node=\"21,2,0\"><b data-path-to-node=\"21,2,0\" data-index-in-node=\"0\">Site web :<\/b> <a class=\"ng-star-inserted\" href=\"https:\/\/nipapalma.com\/fr\/nous-contacter\/\" target=\"_blank\" rel=\"noopener\" data-hveid=\"0\" data-ved=\"0CAAQ_4QMahgKEwipvpmQ2fOSAxUAAAAAHQAAAAAQkQM\">nipapalma.com\/contact-us\/<\/a><\/p>\n<\/li>\n<\/ul>\t\t\t\t\t\t\t\t<\/div>\n\t\t\t\t\t<\/div>\n\t\t<\/div>\n\t\t\t\t\t<\/div>\n\t\t<\/section>\n\t\t\t\t<\/div>","protected":false},"excerpt":{"rendered":"<p>Pol\u00edtica de Privacidad de Nipa Palma En Nipa Palma (accesible desde nipapalma.com), la privacidad de nuestros visitantes y clientes es una prioridad absoluta. Este documento de Pol\u00edtica de Privacidad describe los tipos de informaci\u00f3n que recopilamos, c\u00f3mo la registramos y el uso que le damos. 1. Informaci\u00f3n que Recopilamos \u00a0 Recopilamos informaci\u00f3n para brindar un [&hellip;]<\/p>\n","protected":false},"author":1,"featured_media":0,"parent":0,"menu_order":0,"comment_status":"closed","ping_status":"open","template":"","meta":{"_monsterinsights_skip_tracking":false,"_monsterinsights_sitenote_active":false,"_monsterinsights_sitenote_note":"","_monsterinsights_sitenote_category":0,"footnotes":""},"class_list":["post-3","page","type-page","status-publish","hentry"],"aioseo_notices":[],"aioseo_head":"\n\t\t<!-- All in One SEO Pro 4.9.6.2 - aioseo.com -->\n\t<meta name=\"description\" content=\"Conozca c\u00f3mo Nipa Palma protege sus datos personales. Informaci\u00f3n sobre el manejo de informaci\u00f3n para proyectos de palma sint\u00e9tica en M\u00e9xico y el Caribe.\" \/>\n\t<meta name=\"robots\" content=\"max-image-preview:large\" \/>\n\t<link rel=\"canonical\" href=\"https:\/\/nipapalma.com\/fr\/privacy-policy\/\" \/>\n\t<meta name=\"generator\" content=\"All in One SEO Pro (AIOSEO) 4.9.6.2\" \/>\n\t\t<meta property=\"og:locale\" content=\"fr_FR\" \/>\n\t\t<meta property=\"og:site_name\" content=\"NIPA PALMA SINTETICA - Palma sint\u00e9tica de alta calidad para resorts en M\u00e9xico y el Caribe. Resistente, ign\u00edfuga y de bajo mantenimiento. La mejor soluci\u00f3n para su proyecto.\" \/>\n\t\t<meta property=\"og:type\" content=\"website\" \/>\n\t\t<meta property=\"og:title\" content=\"Pol\u00edtica de Privacidad | NIPA PALMA\" \/>\n\t\t<meta property=\"og:description\" content=\"Conozca c\u00f3mo Nipa Palma protege sus datos personales. Informaci\u00f3n sobre el manejo de informaci\u00f3n para proyectos de palma sint\u00e9tica en M\u00e9xico y el Caribe.\" \/>\n\t\t<meta property=\"og:url\" content=\"https:\/\/nipapalma.com\/fr\/privacy-policy\/\" \/>\n\t\t<meta property=\"og:image\" content=\"https:\/\/nipapalma.com\/wp-content\/uploads\/2026\/01\/Nipa-Palma-brass-logo.png\" \/>\n\t\t<meta property=\"og:image:secure_url\" content=\"https:\/\/nipapalma.com\/wp-content\/uploads\/2026\/01\/Nipa-Palma-brass-logo.png\" \/>\n\t\t<meta name=\"twitter:card\" content=\"summary_large_image\" \/>\n\t\t<meta name=\"twitter:title\" content=\"Pol\u00edtica de Privacidad | NIPA PALMA\" \/>\n\t\t<meta name=\"twitter:description\" content=\"Conozca c\u00f3mo Nipa Palma protege sus datos personales. Informaci\u00f3n sobre el manejo de informaci\u00f3n para proyectos de palma sint\u00e9tica en M\u00e9xico y el Caribe.\" \/>\n\t\t<meta name=\"twitter:image\" content=\"https:\/\/nipapalma.com\/wp-content\/uploads\/2026\/01\/Nipa-Palma-brass-logo.png\" \/>\n\t\t<script type=\"application\/ld+json\" class=\"aioseo-schema\">\n\t\t\t{\"@context\":\"https:\\\/\\\/schema.org\",\"@graph\":[{\"@type\":\"BreadcrumbList\",\"@id\":\"https:\\\/\\\/nipapalma.com\\\/fr\\\/privacy-policy\\\/#breadcrumblist\",\"itemListElement\":[{\"@type\":\"ListItem\",\"@id\":\"https:\\\/\\\/nipapalma.com\\\/fr#listItem\",\"position\":1,\"name\":\"Home\",\"item\":\"https:\\\/\\\/nipapalma.com\\\/fr\",\"nextItem\":{\"@type\":\"ListItem\",\"@id\":\"https:\\\/\\\/nipapalma.com\\\/fr\\\/privacy-policy\\\/#listItem\",\"name\":\"Privacy Policy\"}},{\"@type\":\"ListItem\",\"@id\":\"https:\\\/\\\/nipapalma.com\\\/fr\\\/privacy-policy\\\/#listItem\",\"position\":2,\"name\":\"Privacy Policy\",\"previousItem\":{\"@type\":\"ListItem\",\"@id\":\"https:\\\/\\\/nipapalma.com\\\/fr#listItem\",\"name\":\"Home\"}}]},{\"@type\":\"Organization\",\"@id\":\"https:\\\/\\\/nipapalma.com\\\/fr\\\/#organization\",\"name\":\"NIPA PALMA SINTETICA NIPA PALMA SINTETICA\",\"description\":\"Palma sint\\u00e9tica de alta calidad para resorts en M\\u00e9xico y el Caribe. Resistente, ign\\u00edfuga y de bajo mantenimiento. La mejor soluci\\u00f3n para su proyecto. Nipa Palma es el referente l\\u00edder en soluciones de techado de palma sint\\u00e9tica de lujo para el mercado de M\\u00e9xico, el Caribe y Latinoam\\u00e9rica. Dise\\u00f1ada para replicar la belleza org\\u00e1nica de la palma natural, nuestra tecnolog\\u00eda ofrece una resistencia superior contra los rayos UV, vientos huracanados y el fuego. Transformamos resorts, hoteles y villas en para\\u00edsos tropicales de bajo mantenimiento y m\\u00e1xima elegancia, combinando sostenibilidad con una est\\u00e9tica ex\\u00f3tica inigualable.\",\"url\":\"https:\\\/\\\/nipapalma.com\\\/fr\\\/\",\"telephone\":\"+18632430114\",\"logo\":{\"@type\":\"ImageObject\",\"url\":\"https:\\\/\\\/nipapalma.com\\\/wp-content\\\/uploads\\\/2026\\\/01\\\/Nipa-Palma-brass-logo.png\",\"@id\":\"https:\\\/\\\/nipapalma.com\\\/fr\\\/privacy-policy\\\/#organizationLogo\",\"width\":662,\"height\":308,\"caption\":\"Nipa Palma brass logo\"},\"image\":{\"@id\":\"https:\\\/\\\/nipapalma.com\\\/fr\\\/privacy-policy\\\/#organizationLogo\"},\"sameAs\":[\"https:\\\/\\\/www.facebook.com\\\/NipaMexico\\\/\",\"https:\\\/\\\/www.instagram.com\\\/nipapalma\\\/\",\"https:\\\/\\\/www.youtube.com\\\/@NipaPalmaLATAM\"]},{\"@type\":\"WebPage\",\"@id\":\"https:\\\/\\\/nipapalma.com\\\/fr\\\/privacy-policy\\\/#webpage\",\"url\":\"https:\\\/\\\/nipapalma.com\\\/fr\\\/privacy-policy\\\/\",\"name\":\"Pol\\u00edtica de Privacidad | NIPA PALMA\",\"description\":\"Conozca c\\u00f3mo Nipa Palma protege sus datos personales. Informaci\\u00f3n sobre el manejo de informaci\\u00f3n para proyectos de palma sint\\u00e9tica en M\\u00e9xico y el Caribe.\",\"inLanguage\":\"fr-FR\",\"isPartOf\":{\"@id\":\"https:\\\/\\\/nipapalma.com\\\/fr\\\/#website\"},\"breadcrumb\":{\"@id\":\"https:\\\/\\\/nipapalma.com\\\/fr\\\/privacy-policy\\\/#breadcrumblist\"},\"datePublished\":\"2026-01-29T07:36:00+00:00\",\"dateModified\":\"2026-02-25T06:58:46+00:00\"},{\"@type\":\"WebSite\",\"@id\":\"https:\\\/\\\/nipapalma.com\\\/fr\\\/#website\",\"url\":\"https:\\\/\\\/nipapalma.com\\\/fr\\\/\",\"name\":\"NIPA PALMA SINTETICA\",\"description\":\"Palma sint\\u00e9tica de alta calidad para resorts en M\\u00e9xico y el Caribe. Resistente, ign\\u00edfuga y de bajo mantenimiento. La mejor soluci\\u00f3n para su proyecto.\",\"inLanguage\":\"fr-FR\",\"publisher\":{\"@id\":\"https:\\\/\\\/nipapalma.com\\\/fr\\\/#organization\"}}]}\n\t\t<\/script>\n\t\t<!-- All in One SEO Pro -->\r\n\t\t<title>Pol\u00edtica de Privacidad | NIPA PALMA<\/title>\n\n","aioseo_head_json":{"title":"Politique de confidentialit\u00e9 | NIPA PALMA","description":"D\u00e9couvrez comment Nipa Palma prot\u00e8ge vos donn\u00e9es personnelles. Informations sur la gestion de l'information pour les projets de palmiers synth\u00e9tiques au Mexique et dans les Cara\u00efbes.","canonical_url":"https:\/\/nipapalma.com\/fr\/privacy-policy\/","robots":"max-image-preview:large","keywords":"","webmasterTools":{"miscellaneous":""},"schema":{"@context":"https:\/\/schema.org","@graph":[{"@type":"BreadcrumbList","@id":"https:\/\/nipapalma.com\/fr\/privacy-policy\/#breadcrumblist","itemListElement":[{"@type":"ListItem","@id":"https:\/\/nipapalma.com\/fr#listItem","position":1,"name":"Home","item":"https:\/\/nipapalma.com\/fr","nextItem":{"@type":"ListItem","@id":"https:\/\/nipapalma.com\/fr\/privacy-policy\/#listItem","name":"Privacy Policy"}},{"@type":"ListItem","@id":"https:\/\/nipapalma.com\/fr\/privacy-policy\/#listItem","position":2,"name":"Privacy Policy","previousItem":{"@type":"ListItem","@id":"https:\/\/nipapalma.com\/fr#listItem","name":"Home"}}]},{"@type":"Organization","@id":"https:\/\/nipapalma.com\/fr\/#organization","name":"NIPA PALMA SINTETICA NIPA PALMA SINTETICA","description":"Palma sint\u00e9tica de alta calidad para resorts en M\u00e9xico y el Caribe. Resistente, ign\u00edfuga y de bajo mantenimiento. La mejor soluci\u00f3n para su proyecto. Nipa Palma es el referente l\u00edder en soluciones de techado de palma sint\u00e9tica de lujo para el mercado de M\u00e9xico, el Caribe y Latinoam\u00e9rica. Dise\u00f1ada para replicar la belleza org\u00e1nica de la palma natural, nuestra tecnolog\u00eda ofrece una resistencia superior contra los rayos UV, vientos huracanados y el fuego. Transformamos resorts, hoteles y villas en para\u00edsos tropicales de bajo mantenimiento y m\u00e1xima elegancia, combinando sostenibilidad con una est\u00e9tica ex\u00f3tica inigualable.","url":"https:\/\/nipapalma.com\/fr\/","telephone":"+18632430114","logo":{"@type":"ImageObject","url":"https:\/\/nipapalma.com\/wp-content\/uploads\/2026\/01\/Nipa-Palma-brass-logo.png","@id":"https:\/\/nipapalma.com\/fr\/privacy-policy\/#organizationLogo","width":662,"height":308,"caption":"Nipa Palma brass logo"},"image":{"@id":"https:\/\/nipapalma.com\/fr\/privacy-policy\/#organizationLogo"},"sameAs":["https:\/\/www.facebook.com\/NipaMexico\/","https:\/\/www.instagram.com\/nipapalma\/","https:\/\/www.youtube.com\/@NipaPalmaLATAM"]},{"@type":"WebPage","@id":"https:\/\/nipapalma.com\/fr\/privacy-policy\/#webpage","url":"https:\/\/nipapalma.com\/fr\/privacy-policy\/","name":"Pol\u00edtica de Privacidad | NIPA PALMA","description":"Conozca c\u00f3mo Nipa Palma protege sus datos personales. Informaci\u00f3n sobre el manejo de informaci\u00f3n para proyectos de palma sint\u00e9tica en M\u00e9xico y el Caribe.","inLanguage":"fr-FR","isPartOf":{"@id":"https:\/\/nipapalma.com\/fr\/#website"},"breadcrumb":{"@id":"https:\/\/nipapalma.com\/fr\/privacy-policy\/#breadcrumblist"},"datePublished":"2026-01-29T07:36:00+00:00","dateModified":"2026-02-25T06:58:46+00:00"},{"@type":"WebSite","@id":"https:\/\/nipapalma.com\/fr\/#website","url":"https:\/\/nipapalma.com\/fr\/","name":"NIPA PALMA SINTETICA","description":"Palma sint\u00e9tica de alta calidad para resorts en M\u00e9xico y el Caribe. Resistente, ign\u00edfuga y de bajo mantenimiento. La mejor soluci\u00f3n para su proyecto.","inLanguage":"fr-FR","publisher":{"@id":"https:\/\/nipapalma.com\/fr\/#organization"}}]},"og:locale":"fr_FR","og:site_name":"NIPA PALMA SINTETICA - Palma sint\u00e9tica de alta calidad para resorts en M\u00e9xico y el Caribe. Resistente, ign\u00edfuga y de bajo mantenimiento. La mejor soluci\u00f3n para su proyecto.","og:type":"website","og:title":"Pol\u00edtica de Privacidad | NIPA PALMA","og:description":"Conozca c\u00f3mo Nipa Palma protege sus datos personales. Informaci\u00f3n sobre el manejo de informaci\u00f3n para proyectos de palma sint\u00e9tica en M\u00e9xico y el Caribe.","og:url":"https:\/\/nipapalma.com\/fr\/privacy-policy\/","og:image":"https:\/\/nipapalma.com\/wp-content\/uploads\/2026\/01\/Nipa-Palma-brass-logo.png","og:image:secure_url":"https:\/\/nipapalma.com\/wp-content\/uploads\/2026\/01\/Nipa-Palma-brass-logo.png","twitter:card":"summary_large_image","twitter:title":"Pol\u00edtica de Privacidad | NIPA PALMA","twitter:description":"Conozca c\u00f3mo Nipa Palma protege sus datos personales. Informaci\u00f3n sobre el manejo de informaci\u00f3n para proyectos de palma sint\u00e9tica en M\u00e9xico y el Caribe.","twitter:image":"https:\/\/nipapalma.com\/wp-content\/uploads\/2026\/01\/Nipa-Palma-brass-logo.png"},"aioseo_meta_data":{"post_id":"3","title":"Politique de confidentialit\u00e9 | NIPA PALMA","description":"D\u00e9couvrez comment Nipa Palma prot\u00e8ge vos donn\u00e9es personnelles. Informations sur la gestion de l'information pour les projets de palmiers synth\u00e9tiques au Mexique et dans les Cara\u00efbes.","keywords":null,"keyphrases":{"focus":{"keyphrase":"","score":0,"analysis":{"keyphraseInTitle":{"score":0,"maxScore":9,"error":1}}},"additional":[]},"primary_term":null,"canonical_url":null,"og_title":null,"og_description":null,"og_object_type":"website","og_image_type":"default","og_image_url":null,"og_image_width":null,"og_image_height":null,"og_image_custom_url":null,"og_image_custom_fields":null,"og_video":"","og_custom_url":null,"og_article_section":null,"og_article_tags":null,"twitter_use_og":false,"twitter_card":"default","twitter_image_type":"default","twitter_image_url":null,"twitter_image_custom_url":null,"twitter_image_custom_fields":null,"twitter_title":null,"twitter_description":null,"schema":{"blockGraphs":[],"customGraphs":[],"default":{"data":{"Article":[],"Course":[],"Dataset":[],"FAQPage":[],"Movie":[],"Person":[],"Product":[],"ProductReview":[],"Car":[],"Recipe":[],"Service":[],"SoftwareApplication":[],"WebPage":[]},"graphName":"WebPage","isEnabled":true},"graphs":[]},"schema_type":"default","schema_type_options":null,"pillar_content":false,"robots_default":true,"robots_noindex":false,"robots_noarchive":false,"robots_nosnippet":false,"robots_nofollow":false,"robots_noimageindex":false,"robots_noodp":false,"robots_notranslate":false,"robots_max_snippet":"-1","robots_max_videopreview":"-1","robots_max_imagepreview":"large","priority":null,"frequency":"default","local_seo":null,"seo_analyzer_scan_date":"2026-02-25 07:35:27","breadcrumb_settings":null,"limit_modified_date":false,"reviewed_by":null,"open_ai":null,"ai":{"faqs":[],"keyPoints":[],"titles":[],"descriptions":[],"socialPosts":{"email":[],"linkedin":[],"twitter":[],"facebook":[],"instagram":[]}},"created":"2026-02-25 02:53:26","updated":"2026-02-25 07:50:29"},"aioseo_breadcrumb":"<div class=\"aioseo-breadcrumbs\"><span class=\"aioseo-breadcrumb\">\n\t<a href=\"https:\/\/nipapalma.com\/fr\" title=\"Home\">Home<\/a>\n<\/span><span class=\"aioseo-breadcrumb-separator\">&raquo;<\/span><span class=\"aioseo-breadcrumb\">\n\tPrivacy Policy\n<\/span><\/div>","aioseo_breadcrumb_json":[{"label":"Home","link":"https:\/\/nipapalma.com\/fr"},{"label":"Privacy Policy","link":"https:\/\/nipapalma.com\/fr\/privacy-policy\/"}],"_links":{"self":[{"href":"https:\/\/nipapalma.com\/fr\/wp-json\/wp\/v2\/pages\/3","targetHints":{"allow":["GET"]}}],"collection":[{"href":"https:\/\/nipapalma.com\/fr\/wp-json\/wp\/v2\/pages"}],"about":[{"href":"https:\/\/nipapalma.com\/fr\/wp-json\/wp\/v2\/types\/page"}],"author":[{"embeddable":true,"href":"https:\/\/nipapalma.com\/fr\/wp-json\/wp\/v2\/users\/1"}],"replies":[{"embeddable":true,"href":"https:\/\/nipapalma.com\/fr\/wp-json\/wp\/v2\/comments?post=3"}],"version-history":[{"count":6,"href":"https:\/\/nipapalma.com\/fr\/wp-json\/wp\/v2\/pages\/3\/revisions"}],"predecessor-version":[{"id":1078,"href":"https:\/\/nipapalma.com\/fr\/wp-json\/wp\/v2\/pages\/3\/revisions\/1078"}],"wp:attachment":[{"href":"https:\/\/nipapalma.com\/fr\/wp-json\/wp\/v2\/media?parent=3"}],"curies":[{"name":"wp","href":"https:\/\/api.w.org\/{rel}","templated":true}]}}