{"id":3,"date":"2026-01-29T07:36:00","date_gmt":"2026-01-29T07:36:00","guid":{"rendered":"https:\/\/nipapalma.com\/?page_id=3"},"modified":"2026-02-25T06:58:46","modified_gmt":"2026-02-25T06:58:46","slug":"politica-de-privacidade","status":"publish","type":"page","link":"https:\/\/nipapalma.com\/pt\/privacy-policy\/","title":{"rendered":"Pol\u00edtica de privacidade"},"content":{"rendered":"<div data-elementor-type=\"wp-page\" data-elementor-id=\"3\" class=\"elementor elementor-3\" data-elementor-post-type=\"page\">\n\t\t\t\t\t\t<section class=\"elementor-section elementor-top-section elementor-element elementor-element-13a755e6 elementor-section-full_width elementor-section-content-top elementor-reverse-tablet elementor-reverse-mobile elementor-section-height-default elementor-section-height-default\" data-id=\"13a755e6\" data-element_type=\"section\" data-settings=\"{&quot;background_background&quot;:&quot;classic&quot;}\">\n\t\t\t\t\t\t<div class=\"elementor-container elementor-column-gap-default\">\n\t\t\t\t\t<div class=\"elementor-column elementor-col-100 elementor-top-column elementor-element elementor-element-8e2f443\" data-id=\"8e2f443\" data-element_type=\"column\">\n\t\t\t<div class=\"elementor-widget-wrap elementor-element-populated\">\n\t\t\t\t\t\t<div class=\"elementor-element elementor-element-6e5d0576 elementor-widget elementor-widget-heading\" data-id=\"6e5d0576\" data-element_type=\"widget\" data-widget_type=\"heading.default\">\n\t\t\t\t\t<h1 class=\"elementor-heading-title elementor-size-default\"><b>Pol\u00edtica de Privacidade da Nipa Palma<\/b><\/h1>\t\t\t\t<\/div>\n\t\t\t\t<div class=\"elementor-element elementor-element-18b67cb1 elementor-widget elementor-widget-text-editor\" data-id=\"18b67cb1\" data-element_type=\"widget\" data-widget_type=\"text-editor.default\">\n\t\t\t\t\t\t\t\t\t<p data-path-to-node=\"4\">Em <b data-path-to-node=\"4\" data-index-in-node=\"3\">Nipa Palma<\/b> (acess\u00edvel a partir de <b data-path-to-node=\"4\" data-index-in-node=\"31\">nipapalma.com<\/b>), a privacidade de nossos visitantes e clientes \u00e9 prioridade m\u00e1xima. Este documento de Pol\u00edtica de Privacidade descreve os tipos de informa\u00e7\u00f5es que coletamos, como as coletamos e como as utilizamos.<br \/><br \/><\/p>\n<h3 data-path-to-node=\"5\"><b data-path-to-node=\"5\" data-index-in-node=\"0\">1. informa\u00e7\u00f5es que coletamos<\/b><\/h3>\n<p>\u00a0<\/p>\n<p data-path-to-node=\"6\">Coletamos informa\u00e7\u00f5es para oferecer um servi\u00e7o melhor a todos os nossos usu\u00e1rios, desde a prepara\u00e7\u00e3o de cota\u00e7\u00f5es t\u00e9cnicas at\u00e9 a coordena\u00e7\u00e3o da log\u00edstica internacional.<\/p>\n<ul data-path-to-node=\"7\">\n<li>\n<p data-path-to-node=\"7,0,0\"><b data-path-to-node=\"7,0,0\" data-index-in-node=\"0\">Informa\u00e7\u00f5es de contato<\/b>Quando voc\u00ea solicita um or\u00e7amento ou se comunica via WhatsApp, podemos coletar seu nome, e-mail, n\u00famero de telefone e local do projeto.<\/p>\n<\/li>\n<li>\n<p data-path-to-node=\"7,1,0\"><b data-path-to-node=\"7,1,0\" data-index-in-node=\"0\">Detalhes do projeto<\/b>Para fornecer avalia\u00e7\u00f5es t\u00e9cnicas precisas (como o nosso servi\u00e7o \u201cMeasure and Explode\u201d), coletamos dados sobre seus desenhos arquitet\u00f4nicos e requisitos estruturais.<\/p>\n<\/li>\n<li>\n<p data-path-to-node=\"7,2,0\"><b data-path-to-node=\"7,2,0\" data-index-in-node=\"0\">Dados t\u00e9cnicos<\/b>Como a maioria dos sites, coletamos arquivos de registro, incluindo endere\u00e7os IP, tipo de navegador e registros de data e hora para melhorar o desempenho e a seguran\u00e7a do site.<\/p>\n<\/li>\n<\/ul>\n<h3 data-path-to-node=\"8\">\u00a0<\/h3>\n<h3 data-path-to-node=\"8\">\u00a0<\/h3>\n<h3 data-path-to-node=\"8\"><b data-path-to-node=\"8\" data-index-in-node=\"0\"><br \/><br \/>2. Como usamos suas informa\u00e7\u00f5es<\/b><\/h3>\n<p data-path-to-node=\"9\">Seus dados nos ajudam a manter nosso padr\u00e3o de \u201cbeleza sem preocupa\u00e7\u00e3o\u201d. Usamos as informa\u00e7\u00f5es para:<\/p>\n<ul data-path-to-node=\"10\">\n<li>\n<p data-path-to-node=\"10,0,0\">Para fornecer, operar e manter nosso site.<\/p>\n<\/li>\n<li>\n<p data-path-to-node=\"10,1,0\">Processar e fornecer cota\u00e7\u00f5es t\u00e9cnicas para nossos produtos de palma e bambu sint\u00e9tico.<\/p>\n<\/li>\n<li>\n<p data-path-to-node=\"10,2,0\">Comunicar-se com voc\u00ea para suporte ao projeto, treinamento no local e log\u00edstica.<\/p>\n<\/li>\n<li>\n<p data-path-to-node=\"10,3,0\">Enviar atualiza\u00e7\u00f5es profissionais ou comunica\u00e7\u00f5es de marketing (somente se voc\u00ea tiver dado seu consentimento).<\/p>\n<\/li>\n<li>\n<p data-path-to-node=\"10,4,0\">Detectar e evitar poss\u00edveis fraudes.<\/p>\n<\/li>\n<\/ul>\n<h3 data-path-to-node=\"11\">\u00a0<\/h3>\n<h3 data-path-to-node=\"11\">\u00a0<\/h3>\n<h3 data-path-to-node=\"11\"><b data-path-to-node=\"11\" data-index-in-node=\"0\">3. Interc\u00e2mbio de dados e terceiros<\/b><\/h3>\n<p data-path-to-node=\"12\">N\u00e3o vendemos seus dados pessoais. Somente compartilhamos informa\u00e7\u00f5es com terceiros quando estritamente necess\u00e1rio para cumprir nosso servi\u00e7o:<\/p>\n<ul data-path-to-node=\"13\">\n<li>\n<p data-path-to-node=\"13,0,0\"><b data-path-to-node=\"13,0,0\" data-index-in-node=\"0\">Parceiros log\u00edsticos<\/b>Para coordenar remessas para destinos como M\u00e9xico, Rep\u00fablica Dominicana, Panam\u00e1, Costa Rica ou Maldivas.<\/p>\n<\/li>\n<li>\n<p data-path-to-node=\"13,1,0\"><b data-path-to-node=\"13,1,0\" data-index-in-node=\"0\">Ferramentas t\u00e9cnicas<\/b>Usamos o WordPress e o Elementor, que podem processar dados usando plug-ins seguros.<\/p>\n<\/li>\n<li>\n<p data-path-to-node=\"13,2,0\"><b data-path-to-node=\"13,2,0\" data-index-in-node=\"0\">Conformidade legal<\/b>Podemos compartilhar dados para cumprir as leis aplic\u00e1veis ou responder a solicita\u00e7\u00f5es legais v\u00e1lidas.<\/p>\n<\/li>\n<\/ul>\n<h3 data-path-to-node=\"14\">\u00a0<\/h3>\n<h3 data-path-to-node=\"14\">\u00a0<\/h3>\n<h3 data-path-to-node=\"14\"><b data-path-to-node=\"14\" data-index-in-node=\"0\">4. Cookies e Web Beacons<\/b><\/h3>\n<p data-path-to-node=\"15\"><b data-path-to-node=\"15\" data-index-in-node=\"0\">Nipa Palma<\/b> usa \u2018cookies\u2019 para armazenar informa\u00e7\u00f5es, incluindo as prefer\u00eancias dos visitantes e as p\u00e1ginas do site que o visitante acessou. Essas informa\u00e7\u00f5es s\u00e3o usadas para otimizar a experi\u00eancia do usu\u00e1rio, personalizando o conte\u00fado do nosso site.<\/p>\n<h3 data-path-to-node=\"16\">\u00a0<\/h3>\n<h3 data-path-to-node=\"16\">\u00a0<\/h3>\n<h3 data-path-to-node=\"16\"><b data-path-to-node=\"16\" data-index-in-node=\"0\">5. Seus direitos de prote\u00e7\u00e3o de dados<\/b><\/h3>\n<p data-path-to-node=\"17\">Queremos ter certeza de que voc\u00ea est\u00e1 ciente de todos os seus direitos de prote\u00e7\u00e3o de dados. Todo usu\u00e1rio tem direito ao seguinte:<\/p>\n<ul data-path-to-node=\"18\">\n<li>\n<p data-path-to-node=\"18,0,0\"><b data-path-to-node=\"18,0,0\" data-index-in-node=\"0\">Direito de acesso<\/b>Voc\u00ea tem o direito de solicitar c\u00f3pias de seus dados pessoais.<\/p>\n<\/li>\n<li>\n<p data-path-to-node=\"18,1,0\"><b data-path-to-node=\"18,1,0\" data-index-in-node=\"0\">Direito de retifica\u00e7\u00e3o<\/b>Voc\u00ea tem o direito de solicitar a corre\u00e7\u00e3o de qualquer informa\u00e7\u00e3o que acredite ser imprecisa.<\/p>\n<\/li>\n<li>\n<p data-path-to-node=\"18,2,0\"><b data-path-to-node=\"18,2,0\" data-index-in-node=\"0\">Direito de supress\u00e3o<\/b>Voc\u00ea tem o direito de solicitar a exclus\u00e3o de seus dados pessoais, sujeito a determinadas condi\u00e7\u00f5es.<\/p>\n<\/li>\n<\/ul>\n<h3 data-path-to-node=\"19\">\u00a0<\/h3>\n<h3 data-path-to-node=\"19\">\u00a0<\/h3>\n<h3 data-path-to-node=\"19\"><b data-path-to-node=\"19\" data-index-in-node=\"0\">6. Contato<\/b><\/h3>\n<p data-path-to-node=\"20\">Se tiver outras d\u00favidas ou precisar de mais informa\u00e7\u00f5es sobre nossa Pol\u00edtica de Privacidade, n\u00e3o hesite em entrar em contato conosco:<\/p>\n<ul data-path-to-node=\"21\">\n<li>\n<p data-path-to-node=\"21,0,0\"><b data-path-to-node=\"21,0,0\" data-index-in-node=\"0\">E-mail:<\/b> Sales@nipathatch.com<\/p>\n<\/li>\n<li>\n<p data-path-to-node=\"21,1,0\"><b data-path-to-node=\"21,1,0\" data-index-in-node=\"0\">WhatsApp:<\/b> +1 (863) 243-0114<\/p>\n<\/li>\n<li>\n<p data-path-to-node=\"21,2,0\"><b data-path-to-node=\"21,2,0\" data-index-in-node=\"0\">Site:<\/b> <a class=\"ng-star-inserted\" href=\"https:\/\/nipapalma.com\/pt\/entre-em-contato-conosco\/\" target=\"_blank\" rel=\"noopener\" data-hveid=\"0\" data-ved=\"0CAAQ_4QMahgKEwipvpmQ2fOSAxUAAAAAHQAAAAAQkQM\">nipapalma.com\/contact-us\/<\/a><\/p>\n<\/li>\n<\/ul>\t\t\t\t\t\t\t\t<\/div>\n\t\t\t\t\t<\/div>\n\t\t<\/div>\n\t\t\t\t\t<\/div>\n\t\t<\/section>\n\t\t\t\t<\/div>","protected":false},"excerpt":{"rendered":"<p>Pol\u00edtica de Privacidad de Nipa Palma En Nipa Palma (accesible desde nipapalma.com), la privacidad de nuestros visitantes y clientes es una prioridad absoluta. Este documento de Pol\u00edtica de Privacidad describe los tipos de informaci\u00f3n que recopilamos, c\u00f3mo la registramos y el uso que le damos. 1. Informaci\u00f3n que Recopilamos \u00a0 Recopilamos informaci\u00f3n para brindar un [&hellip;]<\/p>\n","protected":false},"author":1,"featured_media":0,"parent":0,"menu_order":0,"comment_status":"closed","ping_status":"open","template":"","meta":{"_monsterinsights_skip_tracking":false,"_monsterinsights_sitenote_active":false,"_monsterinsights_sitenote_note":"","_monsterinsights_sitenote_category":0,"footnotes":""},"class_list":["post-3","page","type-page","status-publish","hentry"],"aioseo_notices":[],"aioseo_head":"\n\t\t<!-- All in One SEO Pro 4.9.6.2 - aioseo.com -->\n\t<meta name=\"description\" content=\"Conozca c\u00f3mo Nipa Palma protege sus datos personales. Informaci\u00f3n sobre el manejo de informaci\u00f3n para proyectos de palma sint\u00e9tica en M\u00e9xico y el Caribe.\" \/>\n\t<meta name=\"robots\" content=\"max-image-preview:large\" \/>\n\t<link rel=\"canonical\" href=\"https:\/\/nipapalma.com\/pt\/privacy-policy\/\" \/>\n\t<meta name=\"generator\" content=\"All in One SEO Pro (AIOSEO) 4.9.6.2\" \/>\n\t\t<meta property=\"og:locale\" content=\"pt_BR\" \/>\n\t\t<meta property=\"og:site_name\" content=\"NIPA PALMA SINTETICA - Palma sint\u00e9tica de alta calidad para resorts en M\u00e9xico y el Caribe. Resistente, ign\u00edfuga y de bajo mantenimiento. La mejor soluci\u00f3n para su proyecto.\" \/>\n\t\t<meta property=\"og:type\" content=\"website\" \/>\n\t\t<meta property=\"og:title\" content=\"Pol\u00edtica de Privacidad | NIPA PALMA\" \/>\n\t\t<meta property=\"og:description\" content=\"Conozca c\u00f3mo Nipa Palma protege sus datos personales. Informaci\u00f3n sobre el manejo de informaci\u00f3n para proyectos de palma sint\u00e9tica en M\u00e9xico y el Caribe.\" \/>\n\t\t<meta property=\"og:url\" content=\"https:\/\/nipapalma.com\/pt\/privacy-policy\/\" \/>\n\t\t<meta property=\"og:image\" content=\"https:\/\/nipapalma.com\/wp-content\/uploads\/2026\/01\/Nipa-Palma-brass-logo.png\" \/>\n\t\t<meta property=\"og:image:secure_url\" content=\"https:\/\/nipapalma.com\/wp-content\/uploads\/2026\/01\/Nipa-Palma-brass-logo.png\" \/>\n\t\t<meta name=\"twitter:card\" content=\"summary_large_image\" \/>\n\t\t<meta name=\"twitter:title\" content=\"Pol\u00edtica de Privacidad | NIPA PALMA\" \/>\n\t\t<meta name=\"twitter:description\" content=\"Conozca c\u00f3mo Nipa Palma protege sus datos personales. Informaci\u00f3n sobre el manejo de informaci\u00f3n para proyectos de palma sint\u00e9tica en M\u00e9xico y el Caribe.\" \/>\n\t\t<meta name=\"twitter:image\" content=\"https:\/\/nipapalma.com\/wp-content\/uploads\/2026\/01\/Nipa-Palma-brass-logo.png\" \/>\n\t\t<script type=\"application\/ld+json\" class=\"aioseo-schema\">\n\t\t\t{\"@context\":\"https:\\\/\\\/schema.org\",\"@graph\":[{\"@type\":\"BreadcrumbList\",\"@id\":\"https:\\\/\\\/nipapalma.com\\\/pt\\\/privacy-policy\\\/#breadcrumblist\",\"itemListElement\":[{\"@type\":\"ListItem\",\"@id\":\"https:\\\/\\\/nipapalma.com\\\/pt#listItem\",\"position\":1,\"name\":\"Home\",\"item\":\"https:\\\/\\\/nipapalma.com\\\/pt\",\"nextItem\":{\"@type\":\"ListItem\",\"@id\":\"https:\\\/\\\/nipapalma.com\\\/pt\\\/privacy-policy\\\/#listItem\",\"name\":\"Privacy Policy\"}},{\"@type\":\"ListItem\",\"@id\":\"https:\\\/\\\/nipapalma.com\\\/pt\\\/privacy-policy\\\/#listItem\",\"position\":2,\"name\":\"Privacy Policy\",\"previousItem\":{\"@type\":\"ListItem\",\"@id\":\"https:\\\/\\\/nipapalma.com\\\/pt#listItem\",\"name\":\"Home\"}}]},{\"@type\":\"Organization\",\"@id\":\"https:\\\/\\\/nipapalma.com\\\/pt\\\/#organization\",\"name\":\"NIPA PALMA SINTETICA NIPA PALMA SINTETICA\",\"description\":\"Palma sint\\u00e9tica de alta calidad para resorts en M\\u00e9xico y el Caribe. Resistente, ign\\u00edfuga y de bajo mantenimiento. La mejor soluci\\u00f3n para su proyecto. Nipa Palma es el referente l\\u00edder en soluciones de techado de palma sint\\u00e9tica de lujo para el mercado de M\\u00e9xico, el Caribe y Latinoam\\u00e9rica. Dise\\u00f1ada para replicar la belleza org\\u00e1nica de la palma natural, nuestra tecnolog\\u00eda ofrece una resistencia superior contra los rayos UV, vientos huracanados y el fuego. Transformamos resorts, hoteles y villas en para\\u00edsos tropicales de bajo mantenimiento y m\\u00e1xima elegancia, combinando sostenibilidad con una est\\u00e9tica ex\\u00f3tica inigualable.\",\"url\":\"https:\\\/\\\/nipapalma.com\\\/pt\\\/\",\"telephone\":\"+18632430114\",\"logo\":{\"@type\":\"ImageObject\",\"url\":\"https:\\\/\\\/nipapalma.com\\\/wp-content\\\/uploads\\\/2026\\\/01\\\/Nipa-Palma-brass-logo.png\",\"@id\":\"https:\\\/\\\/nipapalma.com\\\/pt\\\/privacy-policy\\\/#organizationLogo\",\"width\":662,\"height\":308,\"caption\":\"Nipa Palma brass logo\"},\"image\":{\"@id\":\"https:\\\/\\\/nipapalma.com\\\/pt\\\/privacy-policy\\\/#organizationLogo\"},\"sameAs\":[\"https:\\\/\\\/www.facebook.com\\\/NipaMexico\\\/\",\"https:\\\/\\\/www.instagram.com\\\/nipapalma\\\/\",\"https:\\\/\\\/www.youtube.com\\\/@NipaPalmaLATAM\"]},{\"@type\":\"WebPage\",\"@id\":\"https:\\\/\\\/nipapalma.com\\\/pt\\\/privacy-policy\\\/#webpage\",\"url\":\"https:\\\/\\\/nipapalma.com\\\/pt\\\/privacy-policy\\\/\",\"name\":\"Pol\\u00edtica de Privacidad | NIPA PALMA\",\"description\":\"Conozca c\\u00f3mo Nipa Palma protege sus datos personales. Informaci\\u00f3n sobre el manejo de informaci\\u00f3n para proyectos de palma sint\\u00e9tica en M\\u00e9xico y el Caribe.\",\"inLanguage\":\"pt-BR\",\"isPartOf\":{\"@id\":\"https:\\\/\\\/nipapalma.com\\\/pt\\\/#website\"},\"breadcrumb\":{\"@id\":\"https:\\\/\\\/nipapalma.com\\\/pt\\\/privacy-policy\\\/#breadcrumblist\"},\"datePublished\":\"2026-01-29T07:36:00+00:00\",\"dateModified\":\"2026-02-25T06:58:46+00:00\"},{\"@type\":\"WebSite\",\"@id\":\"https:\\\/\\\/nipapalma.com\\\/pt\\\/#website\",\"url\":\"https:\\\/\\\/nipapalma.com\\\/pt\\\/\",\"name\":\"NIPA PALMA SINTETICA\",\"description\":\"Palma sint\\u00e9tica de alta calidad para resorts en M\\u00e9xico y el Caribe. Resistente, ign\\u00edfuga y de bajo mantenimiento. La mejor soluci\\u00f3n para su proyecto.\",\"inLanguage\":\"pt-BR\",\"publisher\":{\"@id\":\"https:\\\/\\\/nipapalma.com\\\/pt\\\/#organization\"}}]}\n\t\t<\/script>\n\t\t<!-- All in One SEO Pro -->\r\n\t\t<title>Pol\u00edtica de Privacidad | NIPA PALMA<\/title>\n\n","aioseo_head_json":{"title":"Pol\u00edtica de Privacidade | NIPA PALMA","description":"Saiba como a Nipa Palma protege seus dados pessoais. Informa\u00e7\u00f5es sobre o gerenciamento de informa\u00e7\u00f5es para projetos de palma sint\u00e9tica no M\u00e9xico e no Caribe.","canonical_url":"https:\/\/nipapalma.com\/pt\/privacy-policy\/","robots":"max-image-preview:large","keywords":"","webmasterTools":{"miscellaneous":""},"schema":{"@context":"https:\/\/schema.org","@graph":[{"@type":"BreadcrumbList","@id":"https:\/\/nipapalma.com\/pt\/privacy-policy\/#breadcrumblist","itemListElement":[{"@type":"ListItem","@id":"https:\/\/nipapalma.com\/pt#listItem","position":1,"name":"Home","item":"https:\/\/nipapalma.com\/pt","nextItem":{"@type":"ListItem","@id":"https:\/\/nipapalma.com\/pt\/privacy-policy\/#listItem","name":"Privacy Policy"}},{"@type":"ListItem","@id":"https:\/\/nipapalma.com\/pt\/privacy-policy\/#listItem","position":2,"name":"Privacy Policy","previousItem":{"@type":"ListItem","@id":"https:\/\/nipapalma.com\/pt#listItem","name":"Home"}}]},{"@type":"Organization","@id":"https:\/\/nipapalma.com\/pt\/#organization","name":"NIPA PALMA SINTETICA NIPA PALMA SINTETICA","description":"Palma sint\u00e9tica de alta calidad para resorts en M\u00e9xico y el Caribe. Resistente, ign\u00edfuga y de bajo mantenimiento. La mejor soluci\u00f3n para su proyecto. Nipa Palma es el referente l\u00edder en soluciones de techado de palma sint\u00e9tica de lujo para el mercado de M\u00e9xico, el Caribe y Latinoam\u00e9rica. Dise\u00f1ada para replicar la belleza org\u00e1nica de la palma natural, nuestra tecnolog\u00eda ofrece una resistencia superior contra los rayos UV, vientos huracanados y el fuego. Transformamos resorts, hoteles y villas en para\u00edsos tropicales de bajo mantenimiento y m\u00e1xima elegancia, combinando sostenibilidad con una est\u00e9tica ex\u00f3tica inigualable.","url":"https:\/\/nipapalma.com\/pt\/","telephone":"+18632430114","logo":{"@type":"ImageObject","url":"https:\/\/nipapalma.com\/wp-content\/uploads\/2026\/01\/Nipa-Palma-brass-logo.png","@id":"https:\/\/nipapalma.com\/pt\/privacy-policy\/#organizationLogo","width":662,"height":308,"caption":"Nipa Palma brass logo"},"image":{"@id":"https:\/\/nipapalma.com\/pt\/privacy-policy\/#organizationLogo"},"sameAs":["https:\/\/www.facebook.com\/NipaMexico\/","https:\/\/www.instagram.com\/nipapalma\/","https:\/\/www.youtube.com\/@NipaPalmaLATAM"]},{"@type":"WebPage","@id":"https:\/\/nipapalma.com\/pt\/privacy-policy\/#webpage","url":"https:\/\/nipapalma.com\/pt\/privacy-policy\/","name":"Pol\u00edtica de Privacidad | NIPA PALMA","description":"Conozca c\u00f3mo Nipa Palma protege sus datos personales. Informaci\u00f3n sobre el manejo de informaci\u00f3n para proyectos de palma sint\u00e9tica en M\u00e9xico y el Caribe.","inLanguage":"pt-BR","isPartOf":{"@id":"https:\/\/nipapalma.com\/pt\/#website"},"breadcrumb":{"@id":"https:\/\/nipapalma.com\/pt\/privacy-policy\/#breadcrumblist"},"datePublished":"2026-01-29T07:36:00+00:00","dateModified":"2026-02-25T06:58:46+00:00"},{"@type":"WebSite","@id":"https:\/\/nipapalma.com\/pt\/#website","url":"https:\/\/nipapalma.com\/pt\/","name":"NIPA PALMA SINTETICA","description":"Palma sint\u00e9tica de alta calidad para resorts en M\u00e9xico y el Caribe. Resistente, ign\u00edfuga y de bajo mantenimiento. La mejor soluci\u00f3n para su proyecto.","inLanguage":"pt-BR","publisher":{"@id":"https:\/\/nipapalma.com\/pt\/#organization"}}]},"og:locale":"pt_BR","og:site_name":"NIPA PALMA SINTETICA - Palma sint\u00e9tica de alta calidad para resorts en M\u00e9xico y el Caribe. Resistente, ign\u00edfuga y de bajo mantenimiento. La mejor soluci\u00f3n para su proyecto.","og:type":"website","og:title":"Pol\u00edtica de Privacidad | NIPA PALMA","og:description":"Conozca c\u00f3mo Nipa Palma protege sus datos personales. Informaci\u00f3n sobre el manejo de informaci\u00f3n para proyectos de palma sint\u00e9tica en M\u00e9xico y el Caribe.","og:url":"https:\/\/nipapalma.com\/pt\/privacy-policy\/","og:image":"https:\/\/nipapalma.com\/wp-content\/uploads\/2026\/01\/Nipa-Palma-brass-logo.png","og:image:secure_url":"https:\/\/nipapalma.com\/wp-content\/uploads\/2026\/01\/Nipa-Palma-brass-logo.png","twitter:card":"summary_large_image","twitter:title":"Pol\u00edtica de Privacidad | NIPA PALMA","twitter:description":"Conozca c\u00f3mo Nipa Palma protege sus datos personales. Informaci\u00f3n sobre el manejo de informaci\u00f3n para proyectos de palma sint\u00e9tica en M\u00e9xico y el Caribe.","twitter:image":"https:\/\/nipapalma.com\/wp-content\/uploads\/2026\/01\/Nipa-Palma-brass-logo.png"},"aioseo_meta_data":{"post_id":"3","title":"Pol\u00edtica de Privacidade | NIPA PALMA","description":"Saiba como a Nipa Palma protege seus dados pessoais. Informa\u00e7\u00f5es sobre o gerenciamento de informa\u00e7\u00f5es para projetos de palma sint\u00e9tica no M\u00e9xico e no Caribe.","keywords":null,"keyphrases":{"focus":{"keyphrase":"","score":0,"analysis":{"keyphraseInTitle":{"score":0,"maxScore":9,"error":1}}},"additional":[]},"primary_term":null,"canonical_url":null,"og_title":null,"og_description":null,"og_object_type":"website","og_image_type":"default","og_image_url":null,"og_image_width":null,"og_image_height":null,"og_image_custom_url":null,"og_image_custom_fields":null,"og_video":"","og_custom_url":null,"og_article_section":null,"og_article_tags":null,"twitter_use_og":false,"twitter_card":"default","twitter_image_type":"default","twitter_image_url":null,"twitter_image_custom_url":null,"twitter_image_custom_fields":null,"twitter_title":null,"twitter_description":null,"schema":{"blockGraphs":[],"customGraphs":[],"default":{"data":{"Article":[],"Course":[],"Dataset":[],"FAQPage":[],"Movie":[],"Person":[],"Product":[],"ProductReview":[],"Car":[],"Recipe":[],"Service":[],"SoftwareApplication":[],"WebPage":[]},"graphName":"WebPage","isEnabled":true},"graphs":[]},"schema_type":"default","schema_type_options":null,"pillar_content":false,"robots_default":true,"robots_noindex":false,"robots_noarchive":false,"robots_nosnippet":false,"robots_nofollow":false,"robots_noimageindex":false,"robots_noodp":false,"robots_notranslate":false,"robots_max_snippet":"-1","robots_max_videopreview":"-1","robots_max_imagepreview":"large","priority":null,"frequency":"default","local_seo":null,"seo_analyzer_scan_date":"2026-02-25 07:35:27","breadcrumb_settings":null,"limit_modified_date":false,"reviewed_by":null,"open_ai":null,"ai":{"faqs":[],"keyPoints":[],"titles":[],"descriptions":[],"socialPosts":{"email":[],"linkedin":[],"twitter":[],"facebook":[],"instagram":[]}},"created":"2026-02-25 02:53:26","updated":"2026-02-25 07:50:29"},"aioseo_breadcrumb":"<div class=\"aioseo-breadcrumbs\"><span class=\"aioseo-breadcrumb\">\n\t<a href=\"https:\/\/nipapalma.com\/pt\" title=\"Home\">Home<\/a>\n<\/span><span class=\"aioseo-breadcrumb-separator\">&raquo;<\/span><span class=\"aioseo-breadcrumb\">\n\tPrivacy Policy\n<\/span><\/div>","aioseo_breadcrumb_json":[{"label":"Home","link":"https:\/\/nipapalma.com\/pt"},{"label":"Privacy Policy","link":"https:\/\/nipapalma.com\/pt\/privacy-policy\/"}],"_links":{"self":[{"href":"https:\/\/nipapalma.com\/pt\/wp-json\/wp\/v2\/pages\/3","targetHints":{"allow":["GET"]}}],"collection":[{"href":"https:\/\/nipapalma.com\/pt\/wp-json\/wp\/v2\/pages"}],"about":[{"href":"https:\/\/nipapalma.com\/pt\/wp-json\/wp\/v2\/types\/page"}],"author":[{"embeddable":true,"href":"https:\/\/nipapalma.com\/pt\/wp-json\/wp\/v2\/users\/1"}],"replies":[{"embeddable":true,"href":"https:\/\/nipapalma.com\/pt\/wp-json\/wp\/v2\/comments?post=3"}],"version-history":[{"count":6,"href":"https:\/\/nipapalma.com\/pt\/wp-json\/wp\/v2\/pages\/3\/revisions"}],"predecessor-version":[{"id":1078,"href":"https:\/\/nipapalma.com\/pt\/wp-json\/wp\/v2\/pages\/3\/revisions\/1078"}],"wp:attachment":[{"href":"https:\/\/nipapalma.com\/pt\/wp-json\/wp\/v2\/media?parent=3"}],"curies":[{"name":"wp","href":"https:\/\/api.w.org\/{rel}","templated":true}]}}